{"id":2898,"date":"2026-02-03T22:03:15","date_gmt":"2026-02-03T21:03:15","guid":{"rendered":"https:\/\/laislabonitasocial.club\/?page_id=2898"},"modified":"2026-02-03T22:03:19","modified_gmt":"2026-02-03T21:03:19","slug":"mallorca-services-request","status":"publish","type":"page","link":"https:\/\/laislabonitasocial.club\/de\/mallorca-services-request\/","title":{"rendered":"Mallorca-Serviceanfrage"},"content":{"rendered":"<div class=\"wpforms-container wpforms-container-full wpforms-block wpforms-block-8979dc9f-5cd8-4457-95c4-5232e8db26b4 wpforms-render-modern\" id=\"wpforms-2892\"><form id=\"wpforms-form-2892\" class=\"wpforms-validate wpforms-form\" data-formid=\"2892\" method=\"post\" enctype=\"multipart\/form-data\" action=\"\/de\/wp-json\/wp\/v2\/pages\/2898\" data-token=\"d0d19fe0c869b932dd59417c8aba8544\" data-token-time=\"1777197265\"><noscript class=\"wpforms-error-noscript\">Bitte aktiviere JavaScript in deinem Browser, um dieses Formular fertigzustellen.<\/noscript><div id=\"wpforms-error-noscript\" style=\"display: none;\">Bitte aktiviere JavaScript in deinem Browser, um dieses Formular fertigzustellen.<\/div><div class=\"wpforms-field-container\"><div id=\"wpforms-2892-field_1-container\" class=\"wpforms-field wpforms-field-name\" data-field-id=\"1\"><fieldset><legend class=\"wpforms-field-label\">Full Name <span class=\"wpforms-required-label\" aria-hidden=\"true\">*<\/span><\/legend><div class=\"wpforms-field-row wpforms-field-medium\"><div class=\"wpforms-field-row-block wpforms-first wpforms-one-half\"><input type=\"text\" id=\"wpforms-2892-field_1\" class=\"wpforms-field-name-first wpforms-field-required\" name=\"wpforms[fields][1][first]\" aria-errormessage=\"wpforms-2892-field_1-error\" required><label for=\"wpforms-2892-field_1\" class=\"wpforms-field-sublabel after\">Vorname<\/label><\/div><div class=\"wpforms-field-row-block wpforms-one-half\"><input type=\"text\" id=\"wpforms-2892-field_1-last\" class=\"wpforms-field-name-last wpforms-field-required\" name=\"wpforms[fields][1][last]\" aria-errormessage=\"wpforms-2892-field_1-last-error\" required><label for=\"wpforms-2892-field_1-last\" class=\"wpforms-field-sublabel after\">Nachname<\/label><\/div><\/div><\/fieldset><\/div><div id=\"wpforms-2892-field_2-container\" class=\"wpforms-field wpforms-field-date-time\" data-field-id=\"2\"><label class=\"wpforms-field-label\" for=\"wpforms-2892-field_2\">Birth date<\/label><div class=\"wpforms-datepicker-wrap\"><input type=\"text\" id=\"wpforms-2892-field_2\" class=\"wpforms-field-date-time-date wpforms-datepicker wpforms-field-medium\" data-date-format=\"m\/d\/Y\" data-disable-past-dates=\"0\" data-input=\"true\" name=\"wpforms[fields][2][date]\" aria-errormessage=\"wpforms-2892-field_2-error\" ><a title=\"Clear Date\" data-clear role=\"button\" tabindex=\"0\" class=\"wpforms-datepicker-clear\" aria-label=\"Clear Date\" style=\"display:none;\"><\/a><\/div><\/div><div id=\"wpforms-2892-field_4-container\" class=\"wpforms-field wpforms-field-text\" data-field-id=\"4\"><label class=\"wpforms-field-label\" for=\"wpforms-2892-field_4\">NIE if available<\/label><input type=\"text\" id=\"wpforms-2892-field_4\" class=\"wpforms-field-medium\" name=\"wpforms[fields][4]\" aria-errormessage=\"wpforms-2892-field_4-error\" ><\/div><div id=\"wpforms-2892-field_3-container\" class=\"wpforms-field wpforms-field-text\" data-field-id=\"3\"><label class=\"wpforms-field-label\" for=\"wpforms-2892-field_3\">Nationality<\/label><input type=\"text\" id=\"wpforms-2892-field_3\" class=\"wpforms-field-medium\" name=\"wpforms[fields][3]\" aria-errormessage=\"wpforms-2892-field_3-error\" ><\/div><div id=\"wpforms-2892-field_12-container\" class=\"wpforms-field wpforms-field-email\" data-field-id=\"12\"><fieldset><legend class=\"wpforms-field-label\">Email <span class=\"wpforms-required-label\" aria-hidden=\"true\">*<\/span><\/legend><div class=\"wpforms-field-row wpforms-field-medium\"><div class=\"wpforms-field-row-block wpforms-one-half wpforms-first\"><input type=\"email\" id=\"wpforms-2892-field_12\" class=\"wpforms-field-required wpforms-field-email-primary\" name=\"wpforms[fields][12][primary]\" spellcheck=\"false\" aria-errormessage=\"wpforms-2892-field_12-error\" required><label for=\"wpforms-2892-field_12\" class=\"wpforms-field-sublabel after\">E-Mail-Adresse<\/label><\/div><div class=\"wpforms-field-row-block wpforms-one-half\"><input type=\"email\" id=\"wpforms-2892-field_12-secondary\" class=\"wpforms-field-email-secondary wpforms-field-required\" data-rule-confirm=\"#wpforms-2892-field_12\" name=\"wpforms[fields][12][secondary]\" spellcheck=\"false\" aria-errormessage=\"wpforms-2892-field_12-secondary-error\" required><label for=\"wpforms-2892-field_12-secondary\" class=\"wpforms-field-sublabel after\">E-Mail best\u00e4tigen<\/label><\/div><\/div><\/fieldset><\/div><div id=\"wpforms-2892-field_5-container\" class=\"wpforms-field wpforms-field-phone\" data-field-id=\"5\"><label class=\"wpforms-field-label\" for=\"wpforms-2892-field_5\">Mobile Phone <span class=\"wpforms-required-label\" aria-hidden=\"true\">*<\/span><\/label><input type=\"tel\" id=\"wpforms-2892-field_5\" class=\"wpforms-field-medium wpforms-field-required wpforms-smart-phone-field\" data-rule-smart-phone-field=\"true\" name=\"wpforms[fields][5]\" aria-label=\"Mobile Phone\" aria-errormessage=\"wpforms-2892-field_5-error\" required><\/div><div id=\"wpforms-2892-field_6-container\" class=\"wpforms-field wpforms-field-text\" data-field-id=\"6\"><label class=\"wpforms-field-label\" for=\"wpforms-2892-field_6\">City<\/label><input type=\"text\" id=\"wpforms-2892-field_6\" class=\"wpforms-field-medium\" name=\"wpforms[fields][6]\" aria-errormessage=\"wpforms-2892-field_6-error\" ><\/div><div id=\"wpforms-2892-field_7-container\" class=\"wpforms-field wpforms-field-text\" data-field-id=\"7\"><label class=\"wpforms-field-label\" for=\"wpforms-2892-field_7\">Province<\/label><input type=\"text\" id=\"wpforms-2892-field_7\" class=\"wpforms-field-medium\" name=\"wpforms[fields][7]\" aria-errormessage=\"wpforms-2892-field_7-error\" ><\/div><div id=\"wpforms-2892-field_8-container\" class=\"wpforms-field wpforms-field-text\" data-field-id=\"8\"><label class=\"wpforms-field-label\" for=\"wpforms-2892-field_8\">Country<\/label><input type=\"text\" id=\"wpforms-2892-field_8\" class=\"wpforms-field-medium\" name=\"wpforms[fields][8]\" aria-errormessage=\"wpforms-2892-field_8-error\" ><\/div><div id=\"wpforms-2892-field_11-container\" class=\"wpforms-field wpforms-field-radio\" data-field-id=\"11\"><fieldset><legend class=\"wpforms-field-label\">What kind of support do you need? <span class=\"wpforms-required-label\" aria-hidden=\"true\">*<\/span><\/legend><ul id=\"wpforms-2892-field_11\" class=\"wpforms-field-required\"><li class=\"choice-1 depth-1\"><input type=\"radio\" id=\"wpforms-2892-field_11_1\" name=\"wpforms[fields][11]\" value=\"Legal &amp; Documentation\" aria-errormessage=\"wpforms-2892-field_11_1-error\" required ><label class=\"wpforms-field-label-inline\" for=\"wpforms-2892-field_11_1\">Legal &amp; Documentation<\/label><\/li><li class=\"choice-2 depth-1\"><input type=\"radio\" id=\"wpforms-2892-field_11_2\" name=\"wpforms[fields][11]\" value=\"Property\" aria-errormessage=\"wpforms-2892-field_11_2-error\" required ><label class=\"wpforms-field-label-inline\" for=\"wpforms-2892-field_11_2\">Property<\/label><\/li><li class=\"choice-3 depth-1\"><input type=\"radio\" id=\"wpforms-2892-field_11_3\" name=\"wpforms[fields][11]\" value=\"Healthcare\" aria-errormessage=\"wpforms-2892-field_11_3-error\" required ><label class=\"wpforms-field-label-inline\" for=\"wpforms-2892-field_11_3\">Healthcare<\/label><\/li><li class=\"choice-7 depth-1\"><input type=\"radio\" id=\"wpforms-2892-field_11_7\" name=\"wpforms[fields][11]\" value=\"Integration &amp; Lifestyle\" aria-errormessage=\"wpforms-2892-field_11_7-error\" required ><label class=\"wpforms-field-label-inline\" for=\"wpforms-2892-field_11_7\">Integration &amp; Lifestyle<\/label><\/li><li class=\"choice-8 depth-1\"><input type=\"radio\" id=\"wpforms-2892-field_11_8\" name=\"wpforms[fields][11]\" value=\"Home Essentials\" aria-errormessage=\"wpforms-2892-field_11_8-error\" required ><label class=\"wpforms-field-label-inline\" for=\"wpforms-2892-field_11_8\">Home Essentials<\/label><\/li><li class=\"choice-6 depth-1\"><input type=\"radio\" id=\"wpforms-2892-field_11_6\" name=\"wpforms[fields][11]\" value=\"Business &amp; Tax\" aria-errormessage=\"wpforms-2892-field_11_6-error\" required ><label class=\"wpforms-field-label-inline\" for=\"wpforms-2892-field_11_6\">Business &amp; Tax<\/label><\/li><li class=\"choice-5 depth-1 wpforms-other-choice\"><input type=\"radio\" id=\"wpforms-2892-field_11_5\" data-other-choice=\"true\" name=\"wpforms[fields][11]\" value=\"Other\" aria-errormessage=\"wpforms-2892-field_11_5-error\" required ><label class=\"wpforms-field-label-inline\" for=\"wpforms-2892-field_11_5\">Other<\/label><\/li><\/ul><input type=\"text\" id=\"wpforms-2892-field_11_other\" class=\"wpforms-other-input wpforms-field-required wpforms-field-medium wpforms-hidden\" name=\"wpforms[fields][11][other]\" disabled=\"disabled\" required><\/fieldset><\/div>\t\t<div id=\"wpforms-2892-field_10-container\"\n\t\t\tclass=\"wpforms-field wpforms-field-text\"\n\t\t\tdata-field-type=\"text\"\n\t\t\tdata-field-id=\"10\"\n\t\t\t>\n\t\t\t<label class=\"wpforms-field-label\" for=\"wpforms-2892-field_10\" >Email NIE Province<\/label>\n\t\t\t<input type=\"text\" id=\"wpforms-2892-field_10\" class=\"wpforms-field-medium\" name=\"wpforms[fields][10]\" >\n\t\t<\/div>\n\t\t<div id=\"wpforms-2892-field_9-container\" class=\"wpforms-field wpforms-field-textarea\" data-field-id=\"9\"><label class=\"wpforms-field-label\" for=\"wpforms-2892-field_9\">Please provide more information. <span class=\"wpforms-required-label\" aria-hidden=\"true\">*<\/span><\/label><textarea id=\"wpforms-2892-field_9\" class=\"wpforms-field-medium wpforms-field-required\" name=\"wpforms[fields][9]\" aria-errormessage=\"wpforms-2892-field_9-error\" required><\/textarea><\/div><div id=\"wpforms-2892-field_14-container\" class=\"wpforms-field wpforms-field-radio\" data-field-id=\"14\"><fieldset><legend class=\"wpforms-field-label\">Are you currently a member of La Isla Bonita Social Club <span class=\"wpforms-required-label\" aria-hidden=\"true\">*<\/span><\/legend><ul id=\"wpforms-2892-field_14\" class=\"wpforms-field-required\"><li class=\"choice-1 depth-1\"><input type=\"radio\" id=\"wpforms-2892-field_14_1\" name=\"wpforms[fields][14]\" value=\"Basic member\" aria-errormessage=\"wpforms-2892-field_14_1-error\" required ><label class=\"wpforms-field-label-inline\" for=\"wpforms-2892-field_14_1\">Basic member<\/label><\/li><li class=\"choice-2 depth-1\"><input type=\"radio\" id=\"wpforms-2892-field_14_2\" name=\"wpforms[fields][14]\" value=\"Gold member\" aria-errormessage=\"wpforms-2892-field_14_2-error\" required ><label class=\"wpforms-field-label-inline\" for=\"wpforms-2892-field_14_2\">Gold member<\/label><\/li><li class=\"choice-3 depth-1\"><input type=\"radio\" id=\"wpforms-2892-field_14_3\" name=\"wpforms[fields][14]\" value=\"Not a current member\" aria-errormessage=\"wpforms-2892-field_14_3-error\" required ><label class=\"wpforms-field-label-inline\" for=\"wpforms-2892-field_14_3\">Not a current member<\/label><\/li><\/ul><\/fieldset><\/div><div id=\"wpforms-2892-field_13-container\" class=\"wpforms-field wpforms-field-captcha\" data-field-id=\"13\"><label class=\"wpforms-field-label\" for=\"wpforms-2892-field_13\">Custom Captcha <span class=\"wpforms-required-label\" aria-hidden=\"true\">*<\/span><\/label>\t\t\t<div class=\"wpforms-captcha-math\">\n\t\t\t\t<span id=\"wpforms-2892-field_13-question\" class=\"wpforms-captcha-equation\">\n\t\t\t\t\t<span class=\"n1\">13<\/span>\n\t\t\t\t\t\t\t<span class=\"cal\">*<\/span>\n\t\t\t\t\t\t\t<span class=\"n2\">7<\/span>\t\t\t\t\t<span class=\"e\">=<\/span>\n\t\t\t\t<\/span>\n\t\t\t\t<input type=\"text\" id=\"wpforms-2892-field_13\" class=\"wpforms-field-medium wpforms-field-required a\" data-rule-wpf-captcha=\"math\" data-is-wrapped-field=\"1\" name=\"wpforms[fields][13][a]\" aria-errormessage=\"wpforms-2892-field_13-error\" aria-describedby=\"wpforms-2892-field_13-question\" required>\t\t\t\t<input type=\"hidden\" name=\"wpforms[fields][13][cal]\" class=\"cal\">\n\t\t\t\t<input type=\"hidden\" name=\"wpforms[fields][13][n2]\" class=\"n2\">\n\t\t\t\t<input type=\"hidden\" name=\"wpforms[fields][13][n1]\" class=\"n1\">\n\t\t\t<\/div>\n\t\t\t<\/div><script>\n\t\t\t\t( function() {\n\t\t\t\t\tconst style = document.createElement( 'style' );\n\t\t\t\t\tstyle.appendChild( document.createTextNode( '#wpforms-2892-field_10-container { position: absolute !important; overflow: hidden !important; display: inline !important; height: 1px !important; width: 1px !important; z-index: -1000 !important; padding: 0 !important; } #wpforms-2892-field_10-container input { visibility: hidden; } #wpforms-conversational-form-page #wpforms-2892-field_10-container label { counter-increment: none; }' ) );\n\t\t\t\t\tdocument.head.appendChild( style );\n\t\t\t\t\tdocument.currentScript?.remove();\n\t\t\t\t} )();\n\t\t\t<\/script><\/div><!-- .wpforms-field-container --><div class=\"wpforms-submit-container\" ><input type=\"hidden\" name=\"wpforms[id]\" value=\"2892\"><input type=\"hidden\" name=\"page_title\" value=\"\"><input type=\"hidden\" name=\"page_url\" value=\"https:\/\/laislabonitasocial.club\/de\/wp-json\/wp\/v2\/pages\/2898\"><input type=\"hidden\" name=\"url_referer\" value=\"\"><button type=\"submit\" name=\"wpforms[submit]\" id=\"wpforms-submit-2892\" class=\"wpforms-submit\" data-alt-text=\"Sending\u2026\" data-submit-text=\"Submit\" aria-live=\"assertive\" value=\"wpforms-submit\">Submit<\/button><\/div><\/form><\/div>  <!-- .wpforms-container -->","protected":false},"excerpt":{"rendered":"","protected":false},"author":262050677,"featured_media":281,"parent":0,"menu_order":0,"comment_status":"closed","ping_status":"closed","template":"","meta":{"content-type":"","pmpro_default_level":"","footnotes":""},"class_list":["post-2898","page","type-page","status-publish","has-post-thumbnail","hentry","pmpro-has-access"],"jetpack_shortlink":"https:\/\/wp.me\/PglZ8M-KK","jetpack-related-posts":[{"id":2964,"url":"https:\/\/laislabonitasocial.club\/de\/mallorca-property-services-request\/","url_meta":{"origin":2898,"position":0},"title":"Anfrage zu Immobiliendienstleistungen auf Mallorca","author":"Laislabonitasocialclub","date":"6th M\u00e4rz 2026","format":false,"excerpt":"","rel":"","context":"\u00c4hnlicher Beitrag","block_context":{"text":"\u00c4hnlicher Beitrag","link":""},"img":{"alt_text":"","src":"","width":0,"height":0},"classes":[]},{"id":2930,"url":"https:\/\/laislabonitasocial.club\/de\/home\/residency-services\/","url_meta":{"origin":2898,"position":1},"title":"Aufenthalts- und Rechtsberatung, die Ihnen bei der Ansiedlung in Spanien hilft","author":"Laislabonitasocialclub","date":"6th Februar 2026","format":false,"excerpt":"All dreams lead to Spain \u2013 and we\u2019re here to welcome you to Mallorca with ease. La Isla Bonita Social Club has partnered with gottaloveSpain to bring our members exclusive relocation services, helping you navigate Spanish documentation and unlock new opportunities on this stunning Mediterranean island. Whether you\u2019re drawn to\u2026","rel":"","context":"\u00c4hnlicher Beitrag","block_context":{"text":"\u00c4hnlicher Beitrag","link":""},"img":{"alt_text":"","src":"https:\/\/i0.wp.com\/laislabonitasocial.club\/wp-content\/uploads\/2026\/02\/img_1220-1.jpg?fit=1200%2C900&ssl=1&resize=350%2C200","width":350,"height":200,"srcset":"https:\/\/i0.wp.com\/laislabonitasocial.club\/wp-content\/uploads\/2026\/02\/img_1220-1.jpg?fit=1200%2C900&ssl=1&resize=350%2C200 1x, https:\/\/i0.wp.com\/laislabonitasocial.club\/wp-content\/uploads\/2026\/02\/img_1220-1.jpg?fit=1200%2C900&ssl=1&resize=525%2C300 1.5x, https:\/\/i0.wp.com\/laislabonitasocial.club\/wp-content\/uploads\/2026\/02\/img_1220-1.jpg?fit=1200%2C900&ssl=1&resize=700%2C400 2x, https:\/\/i0.wp.com\/laislabonitasocial.club\/wp-content\/uploads\/2026\/02\/img_1220-1.jpg?fit=1200%2C900&ssl=1&resize=1050%2C600 3x"},"classes":[]},{"id":2562,"url":"https:\/\/laislabonitasocial.club\/de\/mallorca-settling-in-concierge-services\/","url_meta":{"origin":2898,"position":2},"title":"Mallorca Eingew\u00f6hnungs-Concierge-Services","author":"Laislabonitasocialclub","date":"8th August 2025","format":false,"excerpt":"DISCOVER YOUR NEW LIFE IN MALLORCA - CONTACT US TODAY \u00a0 \u00a0The Mediterranean Paradise Awaits You \u00a0 Making the leap to realize your dreams is one of life\u2019s most rewarding journeys. At La isla bonita social club, we\u2019re here to guide you toward a new chapter on this enchanting Mediterranean\u2026","rel":"","context":"\u00c4hnlicher Beitrag","block_context":{"text":"\u00c4hnlicher Beitrag","link":""},"img":{"alt_text":"","src":"https:\/\/i0.wp.com\/laislabonitasocial.club\/wp-content\/uploads\/2025\/08\/img_0740.jpg?fit=1200%2C900&ssl=1&resize=350%2C200","width":350,"height":200,"srcset":"https:\/\/i0.wp.com\/laislabonitasocial.club\/wp-content\/uploads\/2025\/08\/img_0740.jpg?fit=1200%2C900&ssl=1&resize=350%2C200 1x, https:\/\/i0.wp.com\/laislabonitasocial.club\/wp-content\/uploads\/2025\/08\/img_0740.jpg?fit=1200%2C900&ssl=1&resize=525%2C300 1.5x, https:\/\/i0.wp.com\/laislabonitasocial.club\/wp-content\/uploads\/2025\/08\/img_0740.jpg?fit=1200%2C900&ssl=1&resize=700%2C400 2x, https:\/\/i0.wp.com\/laislabonitasocial.club\/wp-content\/uploads\/2025\/08\/img_0740.jpg?fit=1200%2C900&ssl=1&resize=1050%2C600 3x"},"classes":[]},{"id":96,"url":"https:\/\/laislabonitasocial.club\/de\/","url_meta":{"origin":2898,"position":3},"title":"Heim","author":"Laislabonitasocialclub","date":"19th Februar 2025","format":false,"excerpt":"Mallorca's premier international club offering exclusive social experiences, complete relocation support, and trusted legal services with an inclusive spirit. Join Us About Us Mallorca\u2019s premier international club Step into La Isla Bonita Social Club, where membership opens the door to Mallorca's most dynamic international community and comprehensive island living support.\u2026","rel":"","context":"\u00c4hnlicher Beitrag","block_context":{"text":"\u00c4hnlicher Beitrag","link":""},"img":{"alt_text":"","src":"https:\/\/i0.wp.com\/laislabonitasocial.club\/wp-content\/uploads\/2025\/02\/pexels-mat-brown-150387-1395967.jpg?resize=350%2C200&ssl=1","width":350,"height":200,"srcset":"https:\/\/i0.wp.com\/laislabonitasocial.club\/wp-content\/uploads\/2025\/02\/pexels-mat-brown-150387-1395967.jpg?resize=350%2C200&ssl=1 1x, https:\/\/i0.wp.com\/laislabonitasocial.club\/wp-content\/uploads\/2025\/02\/pexels-mat-brown-150387-1395967.jpg?resize=525%2C300&ssl=1 1.5x, https:\/\/i0.wp.com\/laislabonitasocial.club\/wp-content\/uploads\/2025\/02\/pexels-mat-brown-150387-1395967.jpg?resize=700%2C400&ssl=1 2x, https:\/\/i0.wp.com\/laislabonitasocial.club\/wp-content\/uploads\/2025\/02\/pexels-mat-brown-150387-1395967.jpg?resize=1050%2C600&ssl=1 3x, https:\/\/i0.wp.com\/laislabonitasocial.club\/wp-content\/uploads\/2025\/02\/pexels-mat-brown-150387-1395967.jpg?resize=1400%2C800&ssl=1 4x"},"classes":[]},{"id":2614,"url":"https:\/\/laislabonitasocial.club\/de\/find-a-property-zone\/","url_meta":{"origin":2898,"position":4},"title":"Finden Sie eine Immobilienzone","author":"Laislabonitasocialclub","date":"29th August 2025","format":false,"excerpt":"Your Gateway to Mallorca\u2019s Finest Properties Welcome to La Isla Bonita Social Club\u2019s exclusive property services, where finding your perfect Mallorca home becomes a seamless, supported journey. Through our partnership with one of the island\u2019s most respected agencies, we offer our members unparalleled access to the best properties and professional\u2026","rel":"","context":"\u00c4hnlicher Beitrag","block_context":{"text":"\u00c4hnlicher Beitrag","link":""},"img":{"alt_text":"","src":"","width":0,"height":0},"classes":[]},{"id":2983,"url":"https:\/\/laislabonitasocial.club\/de\/concierge-services\/","url_meta":{"origin":2898,"position":5},"title":"Concierge-Service","author":"Laislabonitasocialclub","date":"18th M\u00e4rz 2026","format":false,"excerpt":"Life in Mallorca, taken care of. Relocating to a new country \u2014 or simply making the most of life on the island \u2014 involves an enormous amount of practical detail. Finding the right people, navigating unfamiliar systems, and knowing who to trust takes time you may not have. Our concierge\u2026","rel":"","context":"\u00c4hnlicher Beitrag","block_context":{"text":"\u00c4hnlicher Beitrag","link":""},"img":{"alt_text":"","src":"https:\/\/i0.wp.com\/laislabonitasocial.club\/wp-content\/uploads\/2026\/03\/de895c00-2b26-4eed-a402-1a63f801f229-1.jpg?fit=1200%2C607&ssl=1&resize=350%2C200","width":350,"height":200,"srcset":"https:\/\/i0.wp.com\/laislabonitasocial.club\/wp-content\/uploads\/2026\/03\/de895c00-2b26-4eed-a402-1a63f801f229-1.jpg?fit=1200%2C607&ssl=1&resize=350%2C200 1x, https:\/\/i0.wp.com\/laislabonitasocial.club\/wp-content\/uploads\/2026\/03\/de895c00-2b26-4eed-a402-1a63f801f229-1.jpg?fit=1200%2C607&ssl=1&resize=525%2C300 1.5x, https:\/\/i0.wp.com\/laislabonitasocial.club\/wp-content\/uploads\/2026\/03\/de895c00-2b26-4eed-a402-1a63f801f229-1.jpg?fit=1200%2C607&ssl=1&resize=700%2C400 2x, https:\/\/i0.wp.com\/laislabonitasocial.club\/wp-content\/uploads\/2026\/03\/de895c00-2b26-4eed-a402-1a63f801f229-1.jpg?fit=1200%2C607&ssl=1&resize=1050%2C600 3x"},"classes":[]}],"jetpack_sharing_enabled":true,"jetpack_likes_enabled":true,"_links":{"self":[{"href":"https:\/\/laislabonitasocial.club\/de\/wp-json\/wp\/v2\/pages\/2898","targetHints":{"allow":["GET"]}}],"collection":[{"href":"https:\/\/laislabonitasocial.club\/de\/wp-json\/wp\/v2\/pages"}],"about":[{"href":"https:\/\/laislabonitasocial.club\/de\/wp-json\/wp\/v2\/types\/page"}],"author":[{"embeddable":true,"href":"https:\/\/laislabonitasocial.club\/de\/wp-json\/wp\/v2\/users\/262050677"}],"replies":[{"embeddable":true,"href":"https:\/\/laislabonitasocial.club\/de\/wp-json\/wp\/v2\/comments?post=2898"}],"version-history":[{"count":3,"href":"https:\/\/laislabonitasocial.club\/de\/wp-json\/wp\/v2\/pages\/2898\/revisions"}],"predecessor-version":[{"id":2901,"href":"https:\/\/laislabonitasocial.club\/de\/wp-json\/wp\/v2\/pages\/2898\/revisions\/2901"}],"wp:featuredmedia":[{"embeddable":true,"href":"https:\/\/laislabonitasocial.club\/de\/wp-json\/wp\/v2\/media\/281"}],"wp:attachment":[{"href":"https:\/\/laislabonitasocial.club\/de\/wp-json\/wp\/v2\/media?parent=2898"}],"curies":[{"name":"wp","href":"https:\/\/api.w.org\/{rel}","templated":true}]}}