{"id":614,"date":"2025-02-20T19:36:53","date_gmt":"2025-02-20T18:36:53","guid":{"rendered":"https:\/\/laislabonitasocial.club\/?page_id=614"},"modified":"2025-02-25T16:14:08","modified_gmt":"2025-02-25T15:14:08","slug":"terms-and-conditions","status":"publish","type":"page","link":"https:\/\/laislabonitasocial.club\/de\/terms-and-conditions\/","title":{"rendered":"Gesch\u00e4ftsbedingungen"},"content":{"rendered":"<h3 class=\"wp-block-heading\"><strong>Condiciones Generales de Contrataci\u00f3n \u2013 Servicios de&nbsp;<a><a href=\"https:\/\/laislabonitasocial.club\/de\/\" rel=\"nofollow\">http:\/\/www.laislabonitasocial.club<\/a><\/a><\/strong><\/h3>\n\n\n\n<p><strong>Informaci\u00f3n Previa al Proceso Contractual<\/strong><\/p>\n\n\n\n<p>La p\u00e1gina web&nbsp;<strong><a><a href=\"https:\/\/laislabonitasocial.club\/de\/\" rel=\"nofollow\">http:\/\/www.laislabonitasocial.club<\/a><\/a><\/strong>&nbsp;es propiedad de&nbsp;<strong>Anima Solutions AB<\/strong>, una empresa registrada en&nbsp;<strong>Schweden<\/strong>con domicilio social en&nbsp;<strong>Viktoriagatan 22, G\u00f6teborg<\/strong>. Esta empresa gestiona&nbsp;<strong>Soziale Gruppe La Isla Bonita<\/strong>, die Dienstleistungen anbieten, um die soziale Interaktion zu f\u00f6rdern, der Bienestar und die pers\u00f6nliche Gestaltung seiner Mitglieder durch eine Reihe von Aktivit\u00e4ten und sozialen Veranstaltungen.<\/p>\n\n\n\n<p>Las&nbsp;<strong>Condiciones Generales de Contrataci\u00f3n<\/strong>&nbsp;Regulieren Sie die Beziehung zwischen den beiden&nbsp;<strong>Anima Solutions AB<\/strong>&nbsp;(La Isla Bonita Social Group) und der Kunde, der mit den gesetzlichen Bestimmungen beauftragt ist, insbesondere:<\/p>\n\n\n\n<ul class=\"wp-block-list\">\n<li><strong>Ley 7\/1998, de 13 de abril<\/strong>, \u00fcber Condiciones Generales de Contrataci\u00f3n.<\/li>\n\n\n\n<li><strong>Ley 3\/2014, de 27 de marzo<\/strong>, weil der Text des Generalstaatsanwalts f\u00fcr die Verteidigung der Verbraucher und Benutzer ge\u00e4ndert wurde.<\/li>\n\n\n\n<li><strong>Ley Org\u00e1nica 3\/2018, 5. Dezember<\/strong>, zum Schutz pers\u00f6nlicher Daten und zur Gew\u00e4hrleistung digitaler Datenverluste.<\/li>\n\n\n\n<li><strong>Reglamento General de Protecci\u00f3n de Datos (UE) 2016\/679<\/strong>.<\/li>\n\n\n\n<li><strong>Ley 7\/1996, de 15 de enero<\/strong>, de Ordenaci\u00f3n del Comercio Minorista.<\/li>\n\n\n\n<li><strong>Ley 34\/2002, de 11 de julio<\/strong>, de Servicios de la Sociedad de la Informaci\u00f3n y de Comercio Electr\u00f3nico.<\/li>\n\n\n\n<li><strong>Autonome und lokale Norm, anwendbar auf den Balearen<\/strong>Dazu geh\u00f6ren Verbraucherschutznormen und -normen, die speziell f\u00fcr touristische und kommerzielle Zwecke auf Mallorca gelten.<\/li>\n<\/ul>\n\n\n\n<p><strong>\u00c4nderungen in den Allgemeinen Gesch\u00e4ftsbedingungen:<\/strong><\/p>\n\n\n\n<p><strong>Anima Solutions AB<\/strong>&nbsp;Es bleibt uns vorbehalten, die Geschenke zu modifizieren&nbsp;<strong>Condiciones Generales de Contrataci\u00f3n<\/strong>&nbsp;sin aviso previo. Die \u00c4nderungen werden im Internet ver\u00f6ffentlicht&nbsp;<strong><a><a href=\"https:\/\/laislabonitasocial.club\/de\/\" rel=\"nofollow\">http:\/\/www.laislabonitasocial.club<\/a><\/a><\/strong>&nbsp;Sie sind verpflichtet, erst einmal barrierefrei vor Ort zu sein.<\/p>\n\n\n\n<p><strong>Objeto de la P\u00e1gina Web:<\/strong><\/p>\n\n\n\n<p>La finalidad de la web&nbsp;<strong><a><a href=\"https:\/\/laislabonitasocial.club\/de\/\" rel=\"nofollow\">http:\/\/www.laislabonitasocial.club<\/a><\/a><\/strong>&nbsp;Es bietet umfassende Informationen und Dienstleistungen im Zusammenhang mit sozialen Aktivit\u00e4ten, Veranstaltungen und Programmen, die von pers\u00f6nlichen Organisatoren organisiert werden&nbsp;<strong>Soziale Gruppe La Isla Bonita<\/strong>&nbsp;de&nbsp;<strong>Mallorca<\/strong>. \u00dcber die Plattform k\u00f6nnen Benutzer Informationen \u00fcber Veranstaltungen und Aktivit\u00e4ten erhalten, Reservierungen vornehmen und Kosten f\u00fcr die Teilnahme abwickeln.<\/p>\n\n\n\n<p><strong>Duraci\u00f3n del Contrato:<\/strong><\/p>\n\n\n\n<p>Die Dauer des Vertrags endet mit der Auslieferung der Dienstleistung oder dem vertraglich vereinbarten Ereignis und endet mit der Fertigstellung des Ereignisses oder der angeforderten Aktivit\u00e4t.<\/p>\n\n\n\n<p><strong>Acceso y Capacidad Jur\u00eddica:<\/strong><\/p>\n\n\n\n<p>Der Benutzer, der auf das Internet zugreift, erkl\u00e4rt sich zum B\u00fcrgermeister oder noch weniger Emanzipierten, verf\u00fcgt \u00fcber ausreichende Rechtsf\u00e4higkeit und akzeptiert die rechtlichen Bedingungen des Standorts. Die meisten Kinder m\u00fcssen mit der Einwilligung ihrer Eltern oder Rechtslehrer in Kontakt treten, um die Dienste auf der Seite in Anspruch nehmen zu k\u00f6nnen.<\/p>\n\n\n\n<hr class=\"wp-block-separator has-alpha-channel-opacity\"\/>\n\n\n\n<h3 class=\"wp-block-heading\"><strong>Schutz pers\u00f6nlicher Daten<\/strong><\/h3>\n\n\n\n<p><strong>Erg\u00e4nzung zum Ley de Protecci\u00f3n de Datos Personales (LOPD und RGPD):<\/strong><\/p>\n\n\n\n<p>Aufgrund der Konformit\u00e4t mit der g\u00fcltigen Norm und dem Datenschutzmaterial,&nbsp;<strong>Anima Solutions AB<\/strong>&nbsp;Informieren Sie, dass die pers\u00f6nlichen Daten w\u00e4hrend des Registrierungs- und Kaufprozesses in ein Datenverarbeitungssystem eingebunden sind, mit der endg\u00fcltigen Verwaltung und dem Vertrag \u00fcber die Dienstleistungen, sowie zur Durchf\u00fchrung kommerzieller Aktivit\u00e4ten in Verbindung mit Ihren Dienstleistungen.<\/p>\n\n\n\n<p><strong>Derechos del Usuario:<\/strong><\/p>\n\n\n\n<p>Der Benutzer kann Zugriffs-, Berichtigungs-, Stornierungs-, Widerspruchs-, Behandlungs-, Portabilit\u00e4ts- und Widerrufsrechte bez\u00fcglich seiner pers\u00f6nlichen Daten geltend machen, indem er eine Anfrage per Postangabe oder auf dem elektronischen Postweg stellt:\u00a0<strong><a>info@laislabonita.club<\/a><\/strong>.<\/p>\n\n\n\n<hr class=\"wp-block-separator has-alpha-channel-opacity\"\/>\n\n\n\n<h3 class=\"wp-block-heading\"><strong>Condiciones de Reserva y Pago<\/strong><\/h3>\n\n\n\n<p><strong>Proceso de Reserva:<\/strong><\/p>\n\n\n\n<p>Der Kunde kann die Reservierung \u00fcber das im Internet verf\u00fcgbare Online-System realisieren&nbsp;<strong><a><a href=\"https:\/\/laislabonitasocial.club\/de\/\" rel=\"nofollow\">http:\/\/www.laislabonitasocial.club<\/a><\/a><\/strong>. W\u00e4hrend des Reservierungsprozesses best\u00e4tigen Sie die Verf\u00fcgbarkeit der angeforderten Dienste und den entsprechenden Preis.<\/p>\n\n\n\n<p><strong>Preise und Angebot:<\/strong><\/p>\n\n\n\n<p>Alle Dienstleistungen und Veranstaltungen werden auf der Website detailliert beschrieben, mit den dort angegebenen Preisen&nbsp;<strong>Euro (\u20ac)<\/strong>&nbsp;Dazu geh\u00f6ren auch die anwendbaren Impuestos, wie z&nbsp;<strong>Mehrwertsteuer<\/strong>&nbsp;(21%) o el&nbsp;<strong>IGIC<\/strong>&nbsp;(7% auf den Balearen). Im Falle von Werbeaktionen werden die Preise ausdr\u00fccklich festgelegt, zusammen mit der G\u00fcltigkeit des Angebots.<\/p>\n\n\n\n<p><strong>Zahlungsarten:<\/strong><\/p>\n\n\n\n<p>Zu den akzeptierten Zahlungsmethoden geh\u00f6ren:<\/p>\n\n\n\n<ul class=\"wp-block-list\">\n<li>Kreditkarte (Visa, MasterCard).<\/li>\n\n\n\n<li>PayPal.<\/li>\n<\/ul>\n\n\n\n<p><strong>Proceso de Pago Seguro:<\/strong><\/p>\n\n\n\n<p>Um die Sicherheit bei den Transaktionen zu gew\u00e4hrleisten, m\u00fcssen bei allen Betriebsabl\u00e4ufen die Verwendung pers\u00f6nlicher Daten oder Banken durch eine sichere Verbindung realisiert werden&nbsp;<strong>SSL (Secure Sockets Layer)<\/strong>. Die Daten \u00fcber die Kreditkarte werden direkt \u00fcber die Zahlungsplattform wie TPV von der Bank oder PayPal abgerufen, ohne dass sie bei den Servern eingehen&nbsp;<strong>Anima Solutions AB<\/strong>.<\/p>\n\n\n\n<hr class=\"wp-block-separator has-alpha-channel-opacity\"\/>\n\n\n\n<h3 class=\"wp-block-heading\"><strong>Cancelaci\u00f3n y Desistimiento<\/strong><\/h3>\n\n\n\n<p><strong>Derecho de Desistimiento:<\/strong><\/p>\n\n\n\n<p>Aufgrund der spanischen Gesetzgebung k\u00f6nnen die Kunden ihre Abmahnung auf einem Platz einfordern&nbsp;<strong>14 d\u00edas naturales<\/strong>&nbsp;aus der Feier des Vertrags, ohne Strafe. F\u00fcr den Fall, dass der Service oder die Veranstaltung mit Meer klar und deutlich personalisiert ist oder nicht entwickelt werden kann, ist dies nicht der Fall.<\/p>\n\n\n\n<p><strong>Pol\u00edtica de Cancelaci\u00f3n:<\/strong><\/p>\n\n\n\n<p>Wenn der Kunde den Service oder die Veranstaltung stornieren m\u00f6chte, muss dies mit einem Mindestbetrag erfolgen&nbsp;<strong>24 horas de antelaci\u00f3n<\/strong>. Im gegenteiligen Fall ist der Kunde f\u00fcr die Kosten verantwortlich, die aufgrund einer versp\u00e4teten Stornierung entstehen, und er muss die Rechnungen auf seinen urspr\u00fcnglichen Kreditplan \u00fcbertragen.<\/p>\n\n\n\n<hr class=\"wp-block-separator has-alpha-channel-opacity\"\/>\n\n\n\n<h3 class=\"wp-block-heading\"><strong>Garantien und Verantwortung<\/strong><\/h3>\n\n\n\n<p><strong>Garant\u00eda de los Servicios:<\/strong><\/p>\n\n\n\n<p>Alle im Internet angebotenen Dienstleistungen und Veranstaltungen beziehen sich auf die entsprechende Garantie, sofern Sie nicht mit der vertraglich vereinbarten Dienstleistungsart einverstanden sind. F\u00fcr den Fall, dass der Service nicht mit der Vereinbarung \u00fcbereinstimmt, kann der Kunde eine Reklamation einreichen, weil er sich in der Wohnung aufgehalten hat&nbsp;<strong>Kundenbetreuung<\/strong>.<\/p>\n\n\n\n<hr class=\"wp-block-separator has-alpha-channel-opacity\"\/>\n\n\n\n<h3 class=\"wp-block-heading\"><strong>Achten Sie auf den Kunden und die Reklamation<\/strong><\/h3>\n\n\n\n<p><strong>Achtung Kunde:<\/strong><\/p>\n\n\n\n<p>Wenn der Kunde Unterst\u00fctzung ben\u00f6tigt oder eine Reklamation vorlegen m\u00f6chte, kann er sich mit uns in Verbindung setzen\u00a0<strong>Anima Solutions AB<\/strong>a trav\u00e9s del correo electr\u00f3nico\u00a0<strong><a>info@laislabonita.club<\/a><\/strong><\/p>","protected":false},"excerpt":{"rendered":"<p>Condiciones Generales de Contrataci\u00f3n \u2013 Servicios de&nbsp;<a href=\"http:\/\/www.laislabonitasocial.club\" rel=\"nofollow\">http:\/\/www.laislabonitasocial.club<\/a> Informaci\u00f3n Previa al Proceso Contractual La p\u00e1gina web&nbsp;<a href=\"http:\/\/www.laislabonitasocial.club&nbsp;es\" rel=\"nofollow\">http:\/\/www.laislabonitasocial.club&nbsp;es<\/a> propiedad de&nbsp;Anima Solutions AB, una empresa registrada en&nbsp;Sueciacon domicilio social en&nbsp;Viktoriagatan 22, Gothenburg. Esta empresa gestiona&nbsp;La Isla Bonita Social Group, que proporciona servicios para promover la interacci\u00f3n social, el bienestar y el desarrollo personal de sus miembros a trav\u00e9s de [&hellip;]<\/p>\n","protected":false},"author":262050677,"featured_media":0,"parent":0,"menu_order":0,"comment_status":"closed","ping_status":"closed","template":"","meta":{"content-type":"","pmpro_default_level":"","jetpack_post_was_ever_published":false,"footnotes":""},"class_list":["post-614","page","type-page","status-publish","hentry","pmpro-has-access"],"jetpack_shortlink":"https:\/\/wp.me\/PglZ8M-9U","jetpack-related-posts":[{"id":2097,"url":"https:\/\/laislabonitasocial.club\/de\/terms-and-conditions-2\/","url_meta":{"origin":614,"position":0},"title":"Gesch\u00e4ftsbedingungen","author":"Laislabonitasocialclub","date":"17th Juni 2025","format":false,"excerpt":"La Isla Bonita Social Club Affiliate Program Terms of Service Agreement By signing up to be an Affiliate in the La Isla Bonita Social Club Affiliate Program (\"Program\") you are agreeing to be bound by the following terms and conditions (\"Terms of Service\"). La Isla Bonita Social Club reserves the\u2026","rel":"","context":"\u00c4hnlicher Beitrag","block_context":{"text":"\u00c4hnlicher Beitrag","link":""},"img":{"alt_text":"","src":"","width":0,"height":0},"classes":[]},{"id":2562,"url":"https:\/\/laislabonitasocial.club\/de\/mallorca-settling-in-concierge-services\/","url_meta":{"origin":614,"position":1},"title":"Mallorca Eingew\u00f6hnungs-Concierge-Services","author":"Laislabonitasocialclub","date":"8th August 2025","format":false,"excerpt":"DISCOVER YOUR NEW LIFE IN MALLORCA - CONTACT US TODAY \u00a0 \u00a0The Mediterranean Paradise Awaits You \u00a0 Making the leap to realize your dreams is one of life\u2019s most rewarding journeys. At La isla bonita social club, we\u2019re here to guide you toward a new chapter on this enchanting Mediterranean\u2026","rel":"","context":"\u00c4hnlicher Beitrag","block_context":{"text":"\u00c4hnlicher Beitrag","link":""},"img":{"alt_text":"","src":"https:\/\/i0.wp.com\/laislabonitasocial.club\/wp-content\/uploads\/2025\/08\/img_0740.jpg?fit=1200%2C900&ssl=1&resize=350%2C200","width":350,"height":200,"srcset":"https:\/\/i0.wp.com\/laislabonitasocial.club\/wp-content\/uploads\/2025\/08\/img_0740.jpg?fit=1200%2C900&ssl=1&resize=350%2C200 1x, https:\/\/i0.wp.com\/laislabonitasocial.club\/wp-content\/uploads\/2025\/08\/img_0740.jpg?fit=1200%2C900&ssl=1&resize=525%2C300 1.5x, https:\/\/i0.wp.com\/laislabonitasocial.club\/wp-content\/uploads\/2025\/08\/img_0740.jpg?fit=1200%2C900&ssl=1&resize=700%2C400 2x, https:\/\/i0.wp.com\/laislabonitasocial.club\/wp-content\/uploads\/2025\/08\/img_0740.jpg?fit=1200%2C900&ssl=1&resize=1050%2C600 3x"},"classes":[]},{"id":424,"url":"https:\/\/laislabonitasocial.club\/de\/events-list-style-with-search-box\/","url_meta":{"origin":614,"position":2},"title":"Veranstaltungen","author":"","date":"20th Februar 2025","format":false,"excerpt":"Vergangene Veranstaltungen 25. Jan. \ud83c\udf3f Geheimes Januar-Dinner im griechischen Restaurant La Palet \u2013 25. Januar \ud83c\udf3f Preis: 45,00 \u20ac Jetzt buchen 21. Feb. \ud83c\udf55 Geheimes Februar-Dinner im La Isla Bonita Social Club \u2013 21. Februar \ud83c\udf55 Preis: 45,00 \u20ac Jetzt buchen 6. Dez. La Isla Bonita Weihnachtsfeier 2024 Preis\u2026","rel":"","context":"\u00c4hnlicher Beitrag","block_context":{"text":"\u00c4hnlicher Beitrag","link":""},"img":{"alt_text":"","src":"","width":0,"height":0},"classes":[]},{"id":611,"url":"https:\/\/laislabonitasocial.club\/de\/privacy-policy\/","url_meta":{"origin":614,"position":3},"title":"Datenschutzrichtlinie","author":"Laislabonitasocialclub","date":"20th Februar 2025","format":false,"excerpt":"Privacy Policy for La Isla Bonita Social Club Last Updated: 25 February 2025 At La Isla Bonita Social Club, we value your privacy and are committed to protecting the personal information you share with us. This Privacy Policy outlines how we collect, use, store, and protect your personal information when\u2026","rel":"","context":"\u00c4hnlicher Beitrag","block_context":{"text":"\u00c4hnlicher Beitrag","link":""},"img":{"alt_text":"","src":"","width":0,"height":0},"classes":[]},{"id":1,"url":"https:\/\/laislabonitasocial.club\/de\/about\/","url_meta":{"origin":614,"position":4},"title":"Um","author":"Laislabonitasocialclub","date":"13th Februar 2025","format":false,"excerpt":"\u00dcber uns Entdecken Sie Mallorca durch die Augen unserer internationalen Community \u2013 von kulinarischen Geheimtipps und Boutique-Weing\u00fctern bis hin zu Insider-Empfehlungen und einzigartigen Inselerlebnissen, speziell f\u00fcr anspruchsvolle Mitglieder zusammengestellt, die gutes Essen, Wein und bedeutungsvolle Begegnungen lieben. \u2013 F\u00fcr die redaktionelle Seite Wie wir entstanden sind Aus einer\u2026","rel":"","context":"\u00c4hnlicher Beitrag","block_context":{"text":"\u00c4hnlicher Beitrag","link":""},"img":{"alt_text":"","src":"https:\/\/i0.wp.com\/laislabonitasocial.club\/wp-content\/uploads\/2025\/02\/IMG_5520.jpeg?resize=350%2C200&ssl=1","width":350,"height":200,"srcset":"https:\/\/i0.wp.com\/laislabonitasocial.club\/wp-content\/uploads\/2025\/02\/IMG_5520.jpeg?resize=350%2C200&ssl=1 1x, https:\/\/i0.wp.com\/laislabonitasocial.club\/wp-content\/uploads\/2025\/02\/IMG_5520.jpeg?resize=525%2C300&ssl=1 1.5x"},"classes":[]},{"id":1099,"url":"https:\/\/laislabonitasocial.club\/de\/newmembersurvey\/","url_meta":{"origin":614,"position":5},"title":"Begleiten Sie uns","author":"Laislabonitasocialclub","date":"10th M\u00e4rz 2025","format":false,"excerpt":"Sind Sie bereit, Teil unserer lebendigen internationalen Community zu werden? F\u00fcllen Sie die kurze Umfrage unten aus und wir hei\u00dfen Sie pers\u00f6nlich im La Isla Bonita Social Club willkommen. Erleben Sie die perfekte Mischung aus exklusiven Erlebnissen und inklusiven Treffen auf ganz Mallorca!","rel":"","context":"\u00c4hnlicher Beitrag","block_context":{"text":"\u00c4hnlicher Beitrag","link":""},"img":{"alt_text":"","src":"","width":0,"height":0},"classes":[]}],"jetpack_sharing_enabled":true,"jetpack_likes_enabled":true,"_links":{"self":[{"href":"https:\/\/laislabonitasocial.club\/de\/wp-json\/wp\/v2\/pages\/614","targetHints":{"allow":["GET"]}}],"collection":[{"href":"https:\/\/laislabonitasocial.club\/de\/wp-json\/wp\/v2\/pages"}],"about":[{"href":"https:\/\/laislabonitasocial.club\/de\/wp-json\/wp\/v2\/types\/page"}],"author":[{"embeddable":true,"href":"https:\/\/laislabonitasocial.club\/de\/wp-json\/wp\/v2\/users\/262050677"}],"replies":[{"embeddable":true,"href":"https:\/\/laislabonitasocial.club\/de\/wp-json\/wp\/v2\/comments?post=614"}],"version-history":[{"count":2,"href":"https:\/\/laislabonitasocial.club\/de\/wp-json\/wp\/v2\/pages\/614\/revisions"}],"predecessor-version":[{"id":904,"href":"https:\/\/laislabonitasocial.club\/de\/wp-json\/wp\/v2\/pages\/614\/revisions\/904"}],"wp:attachment":[{"href":"https:\/\/laislabonitasocial.club\/de\/wp-json\/wp\/v2\/media?parent=614"}],"curies":[{"name":"wp","href":"https:\/\/api.w.org\/{rel}","templated":true}]}}