{"id":2094,"date":"2025-06-17T15:46:51","date_gmt":"2025-06-17T13:46:51","guid":{"rendered":"https:\/\/laislabonitasocial.club\/affiliate-home\/"},"modified":"2025-06-17T15:46:51","modified_gmt":"2025-06-17T13:46:51","slug":"affiliate-home","status":"publish","type":"page","link":"https:\/\/laislabonitasocial.club\/sv\/affiliate-home\/","title":{"rendered":"Butikspartners"},"content":{"rendered":"<p>Detta \u00e4r affiliates-sektionen i den h\u00e4r butiken. Om du redan \u00e4r en affiliate, v\u00e4nligen <a href=\"https:\/\/laislabonitasocial.club\/sv\/affiliate-home\/affiliate-login\/\">logga in<\/a> f\u00f6r att komma \u00e5t din kontrollpanel.<\/p>\n<p>Om du inte \u00e4r en affiliate, men vill bli en, m\u00e5ste du ans\u00f6ka. F\u00f6r att ans\u00f6ka m\u00e5ste du vara en registrerad anv\u00e4ndare p\u00e5 den h\u00e4r bloggen. Om du redan har ett konto p\u00e5 den h\u00e4r bloggen, v\u00e4nligen <a href=\"https:\/\/laislabonitasocial.club\/sv\/affiliate-home\/affiliate-login\/\">logga in<\/a>Om inte, v\u00e4nligen <a href=\"https:\/\/laislabonitasocial.club\/sv\/affiliate-home\/affiliate-register\/\">register<\/a>.<\/p>","protected":false},"excerpt":{"rendered":"","protected":false},"author":262050677,"featured_media":0,"parent":0,"menu_order":0,"comment_status":"closed","ping_status":"closed","template":"","meta":{"content-type":"","pmpro_default_level":"","footnotes":""},"class_list":["post-2094","page","type-page","status-publish","hentry","pmpro-has-access"],"jetpack_shortlink":"https:\/\/wp.me\/PglZ8M-xM","jetpack-related-posts":[{"id":2097,"url":"https:\/\/laislabonitasocial.club\/sv\/terms-and-conditions-2\/","url_meta":{"origin":2094,"position":0},"title":"Villkor","author":"Laislabonitasocialclub","date":"17th juni 2025","format":false,"excerpt":"La Isla Bonita Social Club Affiliate Program Terms of Service Agreement By signing up to be an Affiliate in the La Isla Bonita Social Club Affiliate Program (\"Program\") you are agreeing to be bound by the following terms and conditions (\"Terms of Service\"). La Isla Bonita Social Club reserves the\u2026","rel":"","context":"Liknande inl\u00e4gg","block_context":{"text":"Liknande inl\u00e4gg","link":""},"img":{"alt_text":"","src":"","width":0,"height":0},"classes":[]},{"id":2096,"url":"https:\/\/laislabonitasocial.club\/sv\/affiliate-home\/affiliate-login\/","url_meta":{"origin":2094,"position":1},"title":"Affiliate-inloggning","author":"Laislabonitasocialclub","date":"17th juni 2025","format":false,"excerpt":"","rel":"","context":"Liknande inl\u00e4gg","block_context":{"text":"Liknande inl\u00e4gg","link":""},"img":{"alt_text":"","src":"","width":0,"height":0},"classes":[]},{"id":2095,"url":"https:\/\/laislabonitasocial.club\/sv\/affiliate-home\/affiliate-register\/","url_meta":{"origin":2094,"position":2},"title":"Register","author":"Laislabonitasocialclub","date":"17th juni 2025","format":false,"excerpt":"","rel":"","context":"Liknande inl\u00e4gg","block_context":{"text":"Liknande inl\u00e4gg","link":""},"img":{"alt_text":"","src":"","width":0,"height":0},"classes":[]},{"id":2531,"url":"https:\/\/laislabonitasocial.club\/sv\/gold-partnership-process\/","url_meta":{"origin":2094,"position":3},"title":"Guldpartnerskapsprocessen","author":"Laislabonitasocialclub","date":"31st juli 2025","format":false,"excerpt":"In 7 simple steps you can apply to become a Gold Partner\u2026 Fill out this form to apply https:\/\/laislabonitasocial.club\/general-partner-form\/ If your application is accepted then we will work with you to find a comfortable offer for our Gold Members Once agreed you will receive a digital agreement which you can\u2026","rel":"","context":"Liknande inl\u00e4gg","block_context":{"text":"Liknande inl\u00e4gg","link":""},"img":{"alt_text":"restaurants in Mallorca","src":"https:\/\/i0.wp.com\/laislabonitasocial.club\/wp-content\/uploads\/2025\/07\/image-1.png?fit=1024%2C768&ssl=1&resize=350%2C200","width":350,"height":200,"srcset":"https:\/\/i0.wp.com\/laislabonitasocial.club\/wp-content\/uploads\/2025\/07\/image-1.png?fit=1024%2C768&ssl=1&resize=350%2C200 1x, https:\/\/i0.wp.com\/laislabonitasocial.club\/wp-content\/uploads\/2025\/07\/image-1.png?fit=1024%2C768&ssl=1&resize=525%2C300 1.5x, https:\/\/i0.wp.com\/laislabonitasocial.club\/wp-content\/uploads\/2025\/07\/image-1.png?fit=1024%2C768&ssl=1&resize=700%2C400 2x"},"classes":[]},{"id":308,"url":"https:\/\/laislabonitasocial.club\/sv\/basket\/","url_meta":{"origin":2094,"position":4},"title":"Korg","author":"","date":"19th februari 2025","format":false,"excerpt":"You may be interested in\u2026 Your basket is currently empty! New in store","rel":"","context":"Liknande inl\u00e4gg","block_context":{"text":"Liknande inl\u00e4gg","link":""},"img":{"alt_text":"","src":"","width":0,"height":0},"classes":[]},{"id":611,"url":"https:\/\/laislabonitasocial.club\/sv\/privacy-policy\/","url_meta":{"origin":2094,"position":5},"title":"Integritetspolicy","author":"Laislabonitasocialclub","date":"20th februari 2025","format":false,"excerpt":"Privacy Policy for La Isla Bonita Social Club Last Updated: 25 February 2025 At La Isla Bonita Social Club, we value your privacy and are committed to protecting the personal information you share with us. This Privacy Policy outlines how we collect, use, store, and protect your personal information when\u2026","rel":"","context":"Liknande inl\u00e4gg","block_context":{"text":"Liknande inl\u00e4gg","link":""},"img":{"alt_text":"","src":"","width":0,"height":0},"classes":[]}],"jetpack_sharing_enabled":true,"jetpack_likes_enabled":true,"_links":{"self":[{"href":"https:\/\/laislabonitasocial.club\/sv\/wp-json\/wp\/v2\/pages\/2094","targetHints":{"allow":["GET"]}}],"collection":[{"href":"https:\/\/laislabonitasocial.club\/sv\/wp-json\/wp\/v2\/pages"}],"about":[{"href":"https:\/\/laislabonitasocial.club\/sv\/wp-json\/wp\/v2\/types\/page"}],"author":[{"embeddable":true,"href":"https:\/\/laislabonitasocial.club\/sv\/wp-json\/wp\/v2\/users\/262050677"}],"replies":[{"embeddable":true,"href":"https:\/\/laislabonitasocial.club\/sv\/wp-json\/wp\/v2\/comments?post=2094"}],"version-history":[{"count":0,"href":"https:\/\/laislabonitasocial.club\/sv\/wp-json\/wp\/v2\/pages\/2094\/revisions"}],"wp:attachment":[{"href":"https:\/\/laislabonitasocial.club\/sv\/wp-json\/wp\/v2\/media?parent=2094"}],"curies":[{"name":"wp","href":"https:\/\/api.w.org\/{rel}","templated":true}]}}