{"id":2616,"date":"2025-08-29T15:53:35","date_gmt":"2025-08-29T13:53:35","guid":{"rendered":"https:\/\/laislabonitasocial.club\/?page_id=2616"},"modified":"2026-02-03T22:38:45","modified_gmt":"2026-02-03T21:38:45","slug":"spanish-residency-zone","status":"publish","type":"page","link":"https:\/\/laislabonitasocial.club\/sv\/spanish-residency-zone\/","title":{"rendered":"Spansk bos\u00e4ttningszon"},"content":{"rendered":"<p><\/p>\n\n\n\n<p><strong>Din kompletta guide till det spanska livet \u2013 f\u00f6renklat<\/strong><\/p>\n\n\n\n<p>Att g\u00f6ra Spanien till ditt hem \u00e4r ett av livets mest sp\u00e4nnande beslut, men att navigera i spansk byr\u00e5krati beh\u00f6ver inte vara \u00f6verv\u00e4ldigande. Genom v\u00e5rt exklusiva partnerskap med GottaloveSpain erbjuder La Isla Bonita Social Club omfattande st\u00f6d f\u00f6r boende och flytt som f\u00f6rvandlar komplexa administrativa processer till en s\u00f6ml\u00f6s och st\u00f6dd resa.<\/p>\n\n\n\n<h2 class=\"wp-block-heading\">Komplett concierge-service f\u00f6r boende<\/h2>\n\n\n\n<h3 class=\"wp-block-heading\">NIE och juridisk dokumentation<\/h3>\n\n\n\n<p>Ditt spanska \u00e4ventyr b\u00f6rjar med korrekt dokumentation. V\u00e5ra expertpartners v\u00e4gleder dig genom alla krav med precision och effektivitet:<\/p>\n\n\n\n<p><strong>NIE-applikationer<\/strong> \u2013 Snabbbehandling av ditt viktiga spanska identitetsnummer<br \/><strong>Uppeh\u00e5llstillst\u00e5nd<\/strong> \u2013 Fullst\u00e4ndigt st\u00f6d f\u00f6r ans\u00f6kningar om tillf\u00e4llig och permanent uppeh\u00e5llstillst\u00e5nd<br \/><strong>Dokumentautentisering<\/strong> \u2013 Apostilletj\u00e4nster och officiella \u00f6vers\u00e4ttningar f\u00f6r alla n\u00f6dv\u00e4ndiga dokument<br \/><strong>Juridisk efterlevnad<\/strong> \u2013 S\u00e4kerst\u00e4lla fullst\u00e4ndig efterlevnad av g\u00e4llande spanska immigrationskrav<\/p>\n\n\n\n<h3 class=\"wp-block-heading\">Skatteplanering och finansiell integration<\/h3>\n\n\n\n<p>Skapa din spanska ekonomiska grund med expertv\u00e4gledning skr\u00e4ddarsydd f\u00f6r din unika situation:<\/p>\n\n\n\n<p><strong>Skattehemvistplanering<\/strong> \u2013 Strategisk r\u00e5dgivning om spanska skatteskyldigheter och optimering<br \/><strong>Bankupps\u00e4ttning<\/strong> \u2013 Hj\u00e4lp med att \u00f6ppna spanska bankkonton och etablera ekonomiska relationer<br \/><strong>Registrering i socialf\u00f6rs\u00e4kringen<\/strong> \u2013 Fullst\u00e4ndig integration i Spaniens sociala system<br \/><strong>Pensions\u00f6verf\u00f6ringar<\/strong> \u2013 Expertv\u00e4gledning om internationella pensionsarrangemang<\/p>\n\n\n\n<h3 class=\"wp-block-heading\">Sjukv\u00e5rd och f\u00f6rs\u00e4kring<\/h3>\n\n\n\n<p>S\u00e4kra dig helt\u00e4ckande sjukv\u00e5rdsf\u00f6rs\u00e4kring fr\u00e5n f\u00f6rsta dagen av din spanska residens:<\/p>\n\n\n\n<p><strong>Registrering i sjukv\u00e5rden<\/strong> \u2013 Inskrivning i Spaniens utm\u00e4rkta offentliga sjukv\u00e5rdssystem<br \/><strong>Privata f\u00f6rs\u00e4kringsalternativ<\/strong> \u2013 V\u00e4gledning om kompletterande privat sjukv\u00e5rdsf\u00f6rs\u00e4kring<br \/><strong>\u00d6verf\u00f6ringar av medicinska journaler<\/strong> \u2013 Samordning av anamnes och f\u00f6rskrivningskontinuitet<br \/><strong>Akutst\u00f6d<\/strong> \u2013 Kontinuerlig hj\u00e4lp med navigering inom sjukv\u00e5rden<\/p>\n\n\n\n<h2 class=\"wp-block-heading\">Livsstilsintegrationstj\u00e4nster<\/h2>\n\n\n\n<h3 class=\"wp-block-heading\">Konfiguration av viktiga tj\u00e4nster<\/h3>\n\n\n\n<p>Vi hanterar de praktiska detaljerna som g\u00f6r ditt spanska hem funktionellt fr\u00e5n ankomst:<\/p>\n\n\n\n<p><strong>Anslutning till allm\u00e4nnyttiga tj\u00e4nster<\/strong> \u2013 El-, gas-, vatten-, internet- och telekommunikationsanl\u00e4ggning<br \/><strong>Kommunal registrering<\/strong> \u2013 Empadronamiento och registreringar hos lokala myndigheter<br \/><strong>Transportl\u00f6sningar<\/strong> \u2013 K\u00f6rkortsbyten, fordonsregistrering, v\u00e4gledning om kollektivtrafik<br \/><strong>Utbildningsst\u00f6d<\/strong> \u2013 St\u00f6d till skolinskrivning f\u00f6r barnfamiljer<\/p>\n\n\n\n<h3 class=\"wp-block-heading\">Kulturell integration<\/h3>\n\n\n\n<p>Att framg\u00e5ngsrikt anpassa sig till det spanska livet g\u00e5r ut\u00f6ver pappersarbete. V\u00e5rt helt\u00e4ckande tillv\u00e4gag\u00e5ngss\u00e4tt inkluderar:<\/p>\n\n\n\n<p><strong>Spr\u00e5kresurser<\/strong> \u2013 Kontakter med spanska spr\u00e5kskolor och handledare av h\u00f6g kvalitet<br \/><strong>Kulturell orientering<\/strong> \u2013 F\u00f6rst\u00e5 spanska seder, etikett och sociala f\u00f6rv\u00e4ntningar<br \/><strong>Samh\u00e4llsintegration<\/strong> \u2013 Introduktion till lokala tj\u00e4nster, klubbar och sociala m\u00f6jligheter<br \/><strong>L\u00f6pande st\u00f6d<\/strong> \u2013 Kontinuerlig v\u00e4gledning medan du anpassar dig till din nya spanska livsstil<\/p>\n\n\n\n<h2 class=\"wp-block-heading\">Varf\u00f6r v\u00e4lja v\u00e5rt partnerskap med GottaloveSpain<\/h2>\n\n\n\n<h3 class=\"wp-block-heading\">Bevisad expertis<\/h3>\n\n\n\n<p>GottaloveSpain har m\u00e5nga \u00e5rs specialiserad erfarenhet av att hj\u00e4lpa internationella inv\u00e5nare att navigera framg\u00e5ngsrikt i spanska system. Deras meritlista talar f\u00f6r sig sj\u00e4lv, med tusentals framg\u00e5ngsrika uppeh\u00e5llstillst\u00e5ndsans\u00f6kningar och genomf\u00f6rda flyttningar.<\/p>\n\n\n\n<h3 class=\"wp-block-heading\">Omfattande kunskap<\/h3>\n\n\n\n<p>Spanska bos\u00e4ttningskrav \u00e4ndras regelbundet, och olika regioner har varierande procedurer. V\u00e5ra partners h\u00e5ller sig uppdaterade med alla regler och s\u00e4kerst\u00e4ller att din ans\u00f6kningsprocess hanteras korrekt fr\u00e5n b\u00f6rjan.<\/p>\n\n\n\n<h3 class=\"wp-block-heading\">Engelsktalande support<\/h3>\n\n\n\n<p>Navigera komplex spansk byr\u00e5krati med tillf\u00f6rsikt, i vetskap om att du har engelsktalande experter som f\u00f6rst\u00e5r b\u00e5da systemen \u2013 spanska krav och internationella f\u00f6rv\u00e4ntningar.<\/p>\n\n\n\n<h3 class=\"wp-block-heading\">Personlig service<\/h3>\n\n\n\n<p>Varje flyttsituation \u00e4r unik. V\u00e5r concierge-metod inneb\u00e4r att dina specifika omst\u00e4ndigheter, tidsram och krav styr en skr\u00e4ddarsydd supportplan utformad f\u00f6r din framg\u00e5ng.<\/p>\n\n\n\n<h2 class=\"wp-block-heading\">S\u00f6ml\u00f6s integration med fastighetstj\u00e4nster<\/h2>\n\n\n\n<h3 class=\"wp-block-heading\">Komplett flyttl\u00f6sning<\/h3>\n\n\n\n<p>V\u00e5ra tj\u00e4nster f\u00f6r spanska boende integreras perfekt med v\u00e5r &quot;Hitta en fastighet&quot;-zon och erbjuder dig ett komplett flyttpaket. Oavsett om du k\u00f6per en bostad samtidigt eller redan har boende ordnat, koordinerar vi alla aspekter av din flytt.<\/p>\n\n\n\n<p><strong>Integrering av fastighetsk\u00f6p<\/strong> \u2013 Samtidig hantering av fastighetsf\u00f6rv\u00e4rv och bostadsr\u00e4ttskrav<br \/><strong>Tidslinjekoordinering<\/strong> \u2013 Strategisk planering f\u00f6r att s\u00e4kerst\u00e4lla att bostadsdokumentationen \u00f6verensst\u00e4mmer med f\u00e4rdigst\u00e4llandet av din fastighet<br \/><strong>R\u00e4ttslig harmonisering<\/strong> \u2013 S\u00e4kerst\u00e4lla att era ans\u00f6kningar om fastighetsk\u00f6p och bostadsr\u00e4tt kompletterar varandra perfekt<\/p>\n\n\n\n<h2 class=\"wp-block-heading\">Exklusiva medlemsf\u00f6rm\u00e5ner<\/h2>\n\n\n\n<h3 class=\"wp-block-heading\">Guldmedlemskapsv\u00e4g<\/h3>\n\n\n\n<p>Kunder som anv\u00e4nder v\u00e5ra omfattande boendetj\u00e4nster f\u00e5r prioriterad tillg\u00e5ng till La Isla Bonita Social Clubs guldmedlemskap, vilket omedelbart kopplar dig samman med Mallorcas mest etablerade internationella gemenskap.<\/p>\n\n\n\n<h3 class=\"wp-block-heading\">Kontinuerligt st\u00f6dn\u00e4tverk<\/h3>\n\n\n\n<p>Din relation med oss slutar inte n\u00e4r dina pappersarbeten \u00e4r klara. Som en del av v\u00e5r community har du kontinuerlig tillg\u00e5ng till:<\/p>\n\n\n\n<p><strong>Administrativa uppdateringar<\/strong> \u2013 Meddelanden om regel\u00e4ndringar som p\u00e5verkar din status<br \/><strong>F\u00f6rnyelsehj\u00e4lp<\/strong> \u2013 St\u00f6d vid tillst\u00e5ndsf\u00f6rnyelser och statusuppgraderingar<br \/><strong>Samh\u00e4llsresurser<\/strong> \u2013 Tillg\u00e5ng till v\u00e5rt n\u00e4tverk av internationella inv\u00e5nare och lokal expertis<br \/><strong>Livsstilsf\u00f6rb\u00e4ttring<\/strong> \u2013 Kontinuerlig integration i Mallorcas livliga expatgemenskap<\/p>\n\n\n\n<h2 class=\"wp-block-heading\">Livsf\u00f6r\u00e4ndrande st\u00f6d n\u00e4r du beh\u00f6ver det som mest<\/h2>\n\n\n\n<h3 class=\"wp-block-heading\">Sinnesro<\/h3>\n\n\n\n<p>Att flytta internationellt inneb\u00e4r otaliga delar och betydande livsf\u00f6r\u00e4ndringar. V\u00e5rt omfattande st\u00f6d inneb\u00e4r att du kan fokusera p\u00e5 sp\u00e4nningen i ditt nya spanska \u00e4ventyr medan vi hanterar de komplexa administrativa kraven.<\/p>\n\n\n\n<h3 class=\"wp-block-heading\">Expertnavigering<\/h3>\n\n\n\n<p>Spansk byr\u00e5krati kan vara utmanande \u00e4ven f\u00f6r lokalbefolkningen. V\u00e5rt partnerskap s\u00e4kerst\u00e4ller att du har expertguider som f\u00f6rst\u00e5r b\u00e5de systemet och ditt internationella perspektiv, vilket eliminerar kostsamma misstag och f\u00f6rseningar.<\/p>\n\n\n\n<h3 class=\"wp-block-heading\">Fullst\u00e4ndig transparens<\/h3>\n\n\n\n<p>Inga dolda kostnader, inga \u00f6verraskande krav, inga f\u00f6rvirrande processer. Vi ger tydlig och tydlig v\u00e4gledning om varje aspekt av din residency-resa, f\u00f6rv\u00e4ntningar p\u00e5 tidsramen och tillh\u00f6rande kostnader.<\/p>\n\n\n\n<h2 class=\"wp-block-heading\">Din spanska dr\u00f6m, f\u00f6rverkligad<\/h2>\n\n\n\n<p>Oavsett om du s\u00f6ker permanent flytt, etablerar skattehemvist i Spanien eller s\u00e4kerst\u00e4ller efterlevnad av regler samtidigt som du uppr\u00e4tth\u00e5ller internationella band, f\u00f6rvandlar v\u00e5ra omfattande tj\u00e4nster det som kan vara en \u00f6verv\u00e4ldigande process till en smidig och st\u00f6djande \u00f6verg\u00e5ng.<\/p>\n\n\n\n<p>Fr\u00e5n din f\u00f6rsta konsultation till en lyckad etablering av residenset och d\u00e4refter \u00e4r vi dina betrodda partners f\u00f6r att f\u00e5 Spanien att verkligen k\u00e4nnas som hemma.<\/p>\n\n\n\n<h2 class=\"wp-block-heading\">Redo att p\u00e5b\u00f6rja din spanska residensresa?<\/h2>\n\n\n\n<p>Ditt nya spanska liv v\u00e4ntar. L\u00e5t v\u00e5rt expertteam v\u00e4gleda dig genom varje steg i processen med trygghet och l\u00e4tthet.<\/p>\n\n\n\n<p><strong>Kontakta v\u00e5ra specialister p\u00e5 boende idag:<\/strong><\/p>\n\n\n\n<ul class=\"wp-block-list\">\n<li><strong>E-post:<\/strong> info@laislabonitasocial.club <\/li>\n\n\n\n<li><strong>Telefon:<\/strong> +34669143730<\/li>\n\n\n\n<li><strong>WhatsApp:<\/strong> +46736663716<\/li>\n<\/ul>\n\n\n\n<p><strong>Eller boka in ett omfattande samr\u00e5d om din bos\u00e4ttning f\u00f6r att diskutera dina specifika behov och f\u00e5 en personlig flyttplan.<\/strong><\/p>\n\n\n\n<hr class=\"wp-block-separator has-alpha-channel-opacity\"\/>\n\n\n\n<p><em>La Isla Bonita Social Club \u2013 F\u00f6rvandlar dr\u00f6mmar om spanskt liv till s\u00f6ml\u00f6s verklighet<\/em><\/p>","protected":false},"excerpt":{"rendered":"<p>Your Complete Guide to Spanish Life &#8211; Simplified Making Spain your home is one of life\u2019s most exciting decisions, but navigating Spanish bureaucracy doesn\u2019t have to be overwhelming. Through our exclusive partnership with GottaloveSpain, La Isla Bonita Social Club offers comprehensive residency and relocation support that transforms complex administrative processes into a seamless, supported journey. [&hellip;]<\/p>\n","protected":false},"author":262050677,"featured_media":0,"parent":0,"menu_order":0,"comment_status":"closed","ping_status":"closed","template":"","meta":{"content-type":"","pmpro_default_level":"","footnotes":""},"class_list":["post-2616","page","type-page","status-publish","hentry","pmpro-has-access"],"jetpack_shortlink":"https:\/\/wp.me\/PglZ8M-Gc","jetpack-related-posts":[{"id":2930,"url":"https:\/\/laislabonitasocial.club\/sv\/home\/residency-services\/","url_meta":{"origin":2616,"position":0},"title":"Bostads- och juridiska tj\u00e4nster som hj\u00e4lper dig att etablera dig i Spanien","author":"Laislabonitasocialclub","date":"6th februari 2026","format":false,"excerpt":"All dreams lead to Spain \u2013 and we\u2019re here to welcome you to Mallorca with ease. La Isla Bonita Social Club has partnered with gottaloveSpain to bring our members exclusive relocation services, helping you navigate Spanish documentation and unlock new opportunities on this stunning Mediterranean island. Whether you\u2019re drawn to\u2026","rel":"","context":"Liknande inl\u00e4gg","block_context":{"text":"Liknande inl\u00e4gg","link":""},"img":{"alt_text":"","src":"https:\/\/i0.wp.com\/laislabonitasocial.club\/wp-content\/uploads\/2026\/02\/img_1220-1.jpg?fit=1200%2C900&ssl=1&resize=350%2C200","width":350,"height":200,"srcset":"https:\/\/i0.wp.com\/laislabonitasocial.club\/wp-content\/uploads\/2026\/02\/img_1220-1.jpg?fit=1200%2C900&ssl=1&resize=350%2C200 1x, https:\/\/i0.wp.com\/laislabonitasocial.club\/wp-content\/uploads\/2026\/02\/img_1220-1.jpg?fit=1200%2C900&ssl=1&resize=525%2C300 1.5x, https:\/\/i0.wp.com\/laislabonitasocial.club\/wp-content\/uploads\/2026\/02\/img_1220-1.jpg?fit=1200%2C900&ssl=1&resize=700%2C400 2x, https:\/\/i0.wp.com\/laislabonitasocial.club\/wp-content\/uploads\/2026\/02\/img_1220-1.jpg?fit=1200%2C900&ssl=1&resize=1050%2C600 3x"},"classes":[]},{"id":96,"url":"https:\/\/laislabonitasocial.club\/sv\/","url_meta":{"origin":2616,"position":1},"title":"Hem","author":"Laislabonitasocialclub","date":"19th februari 2025","format":false,"excerpt":"Mallorca's premier international club offering exclusive social experiences, complete relocation support, and trusted legal services with an inclusive spirit. Join Us About Us Mallorca\u2019s premier international club Step into La Isla Bonita Social Club, where membership opens the door to Mallorca's most dynamic international community and comprehensive island living support.\u2026","rel":"","context":"Liknande inl\u00e4gg","block_context":{"text":"Liknande inl\u00e4gg","link":""},"img":{"alt_text":"","src":"https:\/\/i0.wp.com\/laislabonitasocial.club\/wp-content\/uploads\/2025\/02\/pexels-mat-brown-150387-1395967.jpg?resize=350%2C200&ssl=1","width":350,"height":200,"srcset":"https:\/\/i0.wp.com\/laislabonitasocial.club\/wp-content\/uploads\/2025\/02\/pexels-mat-brown-150387-1395967.jpg?resize=350%2C200&ssl=1 1x, https:\/\/i0.wp.com\/laislabonitasocial.club\/wp-content\/uploads\/2025\/02\/pexels-mat-brown-150387-1395967.jpg?resize=525%2C300&ssl=1 1.5x, https:\/\/i0.wp.com\/laislabonitasocial.club\/wp-content\/uploads\/2025\/02\/pexels-mat-brown-150387-1395967.jpg?resize=700%2C400&ssl=1 2x, https:\/\/i0.wp.com\/laislabonitasocial.club\/wp-content\/uploads\/2025\/02\/pexels-mat-brown-150387-1395967.jpg?resize=1050%2C600&ssl=1 3x, https:\/\/i0.wp.com\/laislabonitasocial.club\/wp-content\/uploads\/2025\/02\/pexels-mat-brown-150387-1395967.jpg?resize=1400%2C800&ssl=1 4x"},"classes":[]},{"id":2980,"url":"https:\/\/laislabonitasocial.club\/sv\/health-insurance-private-healthcare\/","url_meta":{"origin":2616,"position":2},"title":"Sjukf\u00f6rs\u00e4kring och privat sjukv\u00e5rd","author":"Laislabonitasocialclub","date":"18th mars 2026","format":false,"excerpt":"Your health, protected. Your residency, secured.Access to private healthcare in Spain is not just a lifestyle choice \u2014 for many visa and residency applications it is a legal requirement. We help individuals, couples, and families find the right cover, whether you are taking your first steps towards Spanish residency or\u2026","rel":"","context":"Liknande inl\u00e4gg","block_context":{"text":"Liknande inl\u00e4gg","link":""},"img":{"alt_text":"","src":"https:\/\/i0.wp.com\/laislabonitasocial.club\/wp-content\/uploads\/2026\/03\/pexels-photo-7653113.jpg?fit=801%2C1200&ssl=1&resize=350%2C200","width":350,"height":200,"srcset":"https:\/\/i0.wp.com\/laislabonitasocial.club\/wp-content\/uploads\/2026\/03\/pexels-photo-7653113.jpg?fit=801%2C1200&ssl=1&resize=350%2C200 1x, https:\/\/i0.wp.com\/laislabonitasocial.club\/wp-content\/uploads\/2026\/03\/pexels-photo-7653113.jpg?fit=801%2C1200&ssl=1&resize=525%2C300 1.5x, https:\/\/i0.wp.com\/laislabonitasocial.club\/wp-content\/uploads\/2026\/03\/pexels-photo-7653113.jpg?fit=801%2C1200&ssl=1&resize=700%2C400 2x"},"classes":[]},{"id":2562,"url":"https:\/\/laislabonitasocial.club\/sv\/mallorca-settling-in-concierge-services\/","url_meta":{"origin":2616,"position":3},"title":"Mallorca bos\u00e4tter sig i concierge-tj\u00e4nster","author":"Laislabonitasocialclub","date":"8th augusti 2025","format":false,"excerpt":"DISCOVER YOUR NEW LIFE IN MALLORCA - CONTACT US TODAY \u00a0 \u00a0The Mediterranean Paradise Awaits You \u00a0 Making the leap to realize your dreams is one of life\u2019s most rewarding journeys. At La isla bonita social club, we\u2019re here to guide you toward a new chapter on this enchanting Mediterranean\u2026","rel":"","context":"Liknande inl\u00e4gg","block_context":{"text":"Liknande inl\u00e4gg","link":""},"img":{"alt_text":"","src":"https:\/\/i0.wp.com\/laislabonitasocial.club\/wp-content\/uploads\/2025\/08\/img_0740.jpg?fit=1200%2C900&ssl=1&resize=350%2C200","width":350,"height":200,"srcset":"https:\/\/i0.wp.com\/laislabonitasocial.club\/wp-content\/uploads\/2025\/08\/img_0740.jpg?fit=1200%2C900&ssl=1&resize=350%2C200 1x, https:\/\/i0.wp.com\/laislabonitasocial.club\/wp-content\/uploads\/2025\/08\/img_0740.jpg?fit=1200%2C900&ssl=1&resize=525%2C300 1.5x, https:\/\/i0.wp.com\/laislabonitasocial.club\/wp-content\/uploads\/2025\/08\/img_0740.jpg?fit=1200%2C900&ssl=1&resize=700%2C400 2x, https:\/\/i0.wp.com\/laislabonitasocial.club\/wp-content\/uploads\/2025\/08\/img_0740.jpg?fit=1200%2C900&ssl=1&resize=1050%2C600 3x"},"classes":[]},{"id":2978,"url":"https:\/\/laislabonitasocial.club\/sv\/tax-advisory\/","url_meta":{"origin":2616,"position":4},"title":"Skatter\u00e5dgivning","author":"Laislabonitasocialclub","date":"18th mars 2026","format":false,"excerpt":"Tax matters, handled with precision.Spain\u2019s tax system is complex, layered, and frequently misunderstood \u2014 particularly for international residents, high earners, and those navigating dual residency. We provide clear, expert advice so you know exactly where you stand. Why it mattersWhether you are relocating to Mallorca, already resident, or managing assets\u2026","rel":"","context":"Liknande inl\u00e4gg","block_context":{"text":"Liknande inl\u00e4gg","link":""},"img":{"alt_text":"","src":"https:\/\/i0.wp.com\/laislabonitasocial.club\/wp-content\/uploads\/2025\/09\/img_9366.jpg?fit=987%2C1200&ssl=1&resize=350%2C200","width":350,"height":200,"srcset":"https:\/\/i0.wp.com\/laislabonitasocial.club\/wp-content\/uploads\/2025\/09\/img_9366.jpg?fit=987%2C1200&ssl=1&resize=350%2C200 1x, https:\/\/i0.wp.com\/laislabonitasocial.club\/wp-content\/uploads\/2025\/09\/img_9366.jpg?fit=987%2C1200&ssl=1&resize=525%2C300 1.5x, https:\/\/i0.wp.com\/laislabonitasocial.club\/wp-content\/uploads\/2025\/09\/img_9366.jpg?fit=987%2C1200&ssl=1&resize=700%2C400 2x"},"classes":[]},{"id":2983,"url":"https:\/\/laislabonitasocial.club\/sv\/concierge-services\/","url_meta":{"origin":2616,"position":5},"title":"Concierge-tj\u00e4nster","author":"Laislabonitasocialclub","date":"18th mars 2026","format":false,"excerpt":"Life in Mallorca, taken care of. Relocating to a new country \u2014 or simply making the most of life on the island \u2014 involves an enormous amount of practical detail. Finding the right people, navigating unfamiliar systems, and knowing who to trust takes time you may not have. Our concierge\u2026","rel":"","context":"Liknande inl\u00e4gg","block_context":{"text":"Liknande inl\u00e4gg","link":""},"img":{"alt_text":"","src":"https:\/\/i0.wp.com\/laislabonitasocial.club\/wp-content\/uploads\/2026\/03\/de895c00-2b26-4eed-a402-1a63f801f229-1.jpg?fit=1200%2C607&ssl=1&resize=350%2C200","width":350,"height":200,"srcset":"https:\/\/i0.wp.com\/laislabonitasocial.club\/wp-content\/uploads\/2026\/03\/de895c00-2b26-4eed-a402-1a63f801f229-1.jpg?fit=1200%2C607&ssl=1&resize=350%2C200 1x, https:\/\/i0.wp.com\/laislabonitasocial.club\/wp-content\/uploads\/2026\/03\/de895c00-2b26-4eed-a402-1a63f801f229-1.jpg?fit=1200%2C607&ssl=1&resize=525%2C300 1.5x, https:\/\/i0.wp.com\/laislabonitasocial.club\/wp-content\/uploads\/2026\/03\/de895c00-2b26-4eed-a402-1a63f801f229-1.jpg?fit=1200%2C607&ssl=1&resize=700%2C400 2x, https:\/\/i0.wp.com\/laislabonitasocial.club\/wp-content\/uploads\/2026\/03\/de895c00-2b26-4eed-a402-1a63f801f229-1.jpg?fit=1200%2C607&ssl=1&resize=1050%2C600 3x"},"classes":[]}],"jetpack_sharing_enabled":true,"jetpack_likes_enabled":true,"_links":{"self":[{"href":"https:\/\/laislabonitasocial.club\/sv\/wp-json\/wp\/v2\/pages\/2616","targetHints":{"allow":["GET"]}}],"collection":[{"href":"https:\/\/laislabonitasocial.club\/sv\/wp-json\/wp\/v2\/pages"}],"about":[{"href":"https:\/\/laislabonitasocial.club\/sv\/wp-json\/wp\/v2\/types\/page"}],"author":[{"embeddable":true,"href":"https:\/\/laislabonitasocial.club\/sv\/wp-json\/wp\/v2\/users\/262050677"}],"replies":[{"embeddable":true,"href":"https:\/\/laislabonitasocial.club\/sv\/wp-json\/wp\/v2\/comments?post=2616"}],"version-history":[{"count":4,"href":"https:\/\/laislabonitasocial.club\/sv\/wp-json\/wp\/v2\/pages\/2616\/revisions"}],"predecessor-version":[{"id":2644,"href":"https:\/\/laislabonitasocial.club\/sv\/wp-json\/wp\/v2\/pages\/2616\/revisions\/2644"}],"wp:attachment":[{"href":"https:\/\/laislabonitasocial.club\/sv\/wp-json\/wp\/v2\/media?parent=2616"}],"curies":[{"name":"wp","href":"https:\/\/api.w.org\/{rel}","templated":true}]}}