{"id":2621,"date":"2025-08-29T15:54:19","date_gmt":"2025-08-29T13:54:19","guid":{"rendered":"https:\/\/laislabonitasocial.club\/?page_id=2621"},"modified":"2025-08-29T18:08:45","modified_gmt":"2025-08-29T16:08:45","slug":"the-foodie-zone","status":"publish","type":"page","link":"https:\/\/laislabonitasocial.club\/sv\/the-foodie-zone\/","title":{"rendered":"Mat\u00e4lskarens zon"},"content":{"rendered":"<figure class=\"wp-block-image size-large\"><img data-recalc-dims=\"1\" fetchpriority=\"high\" decoding=\"async\" width=\"800\" height=\"600\" data-attachment-id=\"2646\" data-permalink=\"https:\/\/laislabonitasocial.club\/sv\/img_1898-2\/\" data-orig-file=\"https:\/\/i0.wp.com\/laislabonitasocial.club\/wp-content\/uploads\/2025\/08\/img_1898.jpg?fit=2000%2C1500&amp;ssl=1\" data-orig-size=\"2000,1500\" data-comments-opened=\"1\" data-image-meta=\"{&quot;aperture&quot;:&quot;1.6&quot;,&quot;credit&quot;:&quot;&quot;,&quot;camera&quot;:&quot;iPhone 12 Pro Max&quot;,&quot;caption&quot;:&quot;&quot;,&quot;created_timestamp&quot;:&quot;1656866917&quot;,&quot;copyright&quot;:&quot;&quot;,&quot;focal_length&quot;:&quot;5.1&quot;,&quot;iso&quot;:&quot;50&quot;,&quot;shutter_speed&quot;:&quot;0.0082644628099174&quot;,&quot;title&quot;:&quot;&quot;,&quot;orientation&quot;:&quot;1&quot;}\" data-image-title=\"img_1898\" data-image-description=\"\" data-image-caption=\"\" data-large-file=\"https:\/\/i0.wp.com\/laislabonitasocial.club\/wp-content\/uploads\/2025\/08\/img_1898.jpg?fit=800%2C600&amp;ssl=1\" src=\"https:\/\/i0.wp.com\/laislabonitasocial.club\/wp-content\/uploads\/2025\/08\/img_1898.jpg?resize=800%2C600&#038;ssl=1\" alt=\"\" class=\"wp-image-2646\" srcset=\"https:\/\/i0.wp.com\/laislabonitasocial.club\/wp-content\/uploads\/2025\/08\/img_1898.jpg?resize=1024%2C768&amp;ssl=1 1024w, https:\/\/i0.wp.com\/laislabonitasocial.club\/wp-content\/uploads\/2025\/08\/img_1898.jpg?resize=300%2C225&amp;ssl=1 300w, https:\/\/i0.wp.com\/laislabonitasocial.club\/wp-content\/uploads\/2025\/08\/img_1898.jpg?resize=768%2C576&amp;ssl=1 768w, https:\/\/i0.wp.com\/laislabonitasocial.club\/wp-content\/uploads\/2025\/08\/img_1898.jpg?resize=1536%2C1152&amp;ssl=1 1536w, https:\/\/i0.wp.com\/laislabonitasocial.club\/wp-content\/uploads\/2025\/08\/img_1898.jpg?resize=16%2C12&amp;ssl=1 16w, https:\/\/i0.wp.com\/laislabonitasocial.club\/wp-content\/uploads\/2025\/08\/img_1898.jpg?resize=1320%2C990&amp;ssl=1 1320w, https:\/\/i0.wp.com\/laislabonitasocial.club\/wp-content\/uploads\/2025\/08\/img_1898.jpg?resize=600%2C450&amp;ssl=1 600w, https:\/\/i0.wp.com\/laislabonitasocial.club\/wp-content\/uploads\/2025\/08\/img_1898.jpg?w=2000&amp;ssl=1 2000w, https:\/\/i0.wp.com\/laislabonitasocial.club\/wp-content\/uploads\/2025\/08\/img_1898.jpg?w=1600&amp;ssl=1 1600w\" sizes=\"(max-width: 800px) 100vw, 800px\" \/><\/figure>\n\n\n\n<p><strong>D\u00e4r kulinarisk passion m\u00f6ter gemenskap<\/strong><\/p>\n\n\n\n<p>V\u00e4lkommen till La Isla Bonita Social Clubs mest \u00e4lskade zon, d\u00e4r passionerade mat\u00e4lskare f\u00f6renas f\u00f6r att utforska Mallorcas extraordin\u00e4ra kulinariska landskap. Fr\u00e5n intima hemliga middagar med nya kockar till guidade utforskningar av Palmas matutveckling, skapar v\u00e5r Foodie Zone of\u00f6rgl\u00f6mliga upplevelser som ger n\u00e4ring \u00e5t b\u00e5de kropp och sj\u00e4l.<\/p>\n\n\n\n<h2 class=\"wp-block-heading\">Signaturupplevelser<\/h2>\n\n\n\n<h3 class=\"wp-block-heading\">Hemliga middagar \u2013 Uppt\u00e4ck dolda kulinariska p\u00e4rlor<\/h3>\n\n\n\n<p>V\u00e5ra legendariska Secret Suppers \u00e4r hj\u00e4rtat i The Foodie Zone och erbjuder exklusiv tillg\u00e5ng till Mallorcas mest sp\u00e4nnande, framv\u00e4xande kockar och g\u00f6mda kulinariska skatter. Dessa intima middagsupplevelser tar dig bortom turistrestauranger till autentiska platser d\u00e4r kreativitet och passion m\u00f6ts.<\/p>\n\n\n\n<p><strong>Vad som g\u00f6r hemliga middagar speciella:<\/strong><\/p>\n\n\n\n<ul class=\"wp-block-list\">\n<li><strong>Exklusiv \u00e5tkomst<\/strong> \u2013 \u00c4t p\u00e5 platser och med kockar som inte \u00e4r tillg\u00e4ngliga f\u00f6r allm\u00e4nheten<\/li>\n\n\n\n<li><strong>Framv\u00e4xande talanger<\/strong> \u2013 F\u00f6rsta smaken av Mallorcas n\u00e4sta generations kulinariska stj\u00e4rnor<\/li>\n\n\n\n<li><strong>Intim atmosf\u00e4r<\/strong> \u2013 Sm\u00e5 grupper s\u00e4kerst\u00e4ller personliga kontakter med kockar och andra mat\u00e4lskare<\/li>\n\n\n\n<li><strong>Unika platser<\/strong> \u2013 Fr\u00e5n privata hem till hemliga tr\u00e4dg\u00e5rdar, varje plats bidrar med magi till upplevelsen<\/li>\n\n\n\n<li><strong>\u00d6verraskningselement<\/strong> \u2013 Att aldrig veta exakt vilket kulinariskt \u00e4ventyr som v\u00e4ntar<\/li>\n<\/ul>\n\n\n\n<h3 class=\"wp-block-heading\">Palmas kulinariska resa \u2013 Gammalt m\u00f6ter nytt<\/h3>\n\n\n\n<p>Upplev den fascinerande utvecklingen av Palmas restaurangscen genom v\u00e5ra utvalda utforskningar som hyllar b\u00e5de tidl\u00f6sa traditioner och innovativa nykomlingar.<\/p>\n\n\n\n<p><strong>Utforska Palmas klassiska arv:<\/strong><\/p>\n\n\n\n<ul class=\"wp-block-list\">\n<li><strong>Traditionella mallorcinska tavernor<\/strong> \u2013 Autentiska familje\u00e4gda restauranger som serverar recept som g\u00e5tt i arv genom generationer<\/li>\n\n\n\n<li><strong>Historisk marknadsrestaurang<\/strong> \u2013 Dolda p\u00e4rlor bland Palmas traditionella marknader d\u00e4r lokalbefolkningen har samlats i \u00e5rhundraden<\/li>\n\n\n\n<li><strong>Grannskapsinstitutioner<\/strong> \u2013 \u00c4lskade lokala restauranger som har format Palmas kulinariska identitet<\/li>\n\n\n\n<li><strong>Hantverksm\u00e4ssiga livsmedelsproducenter<\/strong> \u2013 M\u00f6t hantverkarna bakom Mallorcas exceptionella lokala produkter<\/li>\n<\/ul>\n\n\n\n<p><strong>Uppt\u00e4ck Palmas nya v\u00e5g:<\/strong><\/p>\n\n\n\n<ul class=\"wp-block-list\">\n<li><strong>Modern fusion<\/strong> \u2013 Innovativa kockar som blandar mallorcinska traditioner med internationella influenser<\/li>\n\n\n\n<li><strong>Popup-upplevelser<\/strong> \u2013 Tillf\u00e4lliga restaurangkoncept som t\u00e4njer p\u00e5 de kreativa gr\u00e4nserna<\/li>\n\n\n\n<li><strong>H\u00e5llbar gastronomi<\/strong> \u2013 Restauranger som \u00e4r pionj\u00e4rer inom jord-till-bord-strategier och noll avfall<\/li>\n\n\n\n<li><strong>Cocktailkultur<\/strong> \u2013 Palmas framv\u00e4xande hantverkscocktailscen och kreativa mixologi<\/li>\n<\/ul>\n\n\n\n<h2 class=\"wp-block-heading\">Exklusiva medlemsupplevelser<\/h2>\n\n\n\n<h3 class=\"wp-block-heading\">Kocksamarbeten och privata middagar<\/h3>\n\n\n\n<p>V\u00e5ra relationer med b\u00e5de etablerade och nya kockar skapar extraordin\u00e4ra m\u00f6jligheter till intima kulinariska upplevelser som inte kan k\u00f6pas f\u00f6r enbart pengar.<\/p>\n\n\n\n<p><strong>Bakom kulisserna-\u00e5tkomst:<\/strong><\/p>\n\n\n\n<ul class=\"wp-block-list\">\n<li><strong>K\u00f6ksturer<\/strong> \u2013 Utforska professionella k\u00f6k och bevittna kulinarisk konst i aktion<\/li>\n\n\n\n<li><strong>Matlagningsm\u00e4starkurser<\/strong> \u2013 L\u00e4r dig signaturtekniker fr\u00e5n Mallorcas mest beg\u00e5vade kockar<\/li>\n\n\n\n<li><strong>Privata kockupplevelser<\/strong> \u2013 Exklusiva middagar i medlemmarnas hem med v\u00e4lk\u00e4nda lokala kockar<\/li>\n\n\n\n<li><strong>Marknadsvisningar med kockar<\/strong> \u2013 Handla tillsammans med proffs och l\u00e4r dig deras ingredienshemligheter<\/li>\n<\/ul>\n\n\n\n<h3 class=\"wp-block-heading\">S\u00e4songsbetonade kulinariska \u00e4ventyr<\/h3>\n\n\n\n<p>Mallorcas otroliga s\u00e4songsbetonade r\u00e5varor driver v\u00e5r \u00e5ret runt-kalender med matfokuserade upplevelser som hyllar \u00f6ns naturliga rikedomar.<\/p>\n\n\n\n<p><strong>V\u00e5r- och sommarupplevelser:<\/strong><\/p>\n\n\n\n<ul class=\"wp-block-list\">\n<li><strong>Middagar fr\u00e5n tr\u00e4dg\u00e5rden till bordet<\/strong> \u2013 M\u00e5ltider med nysk\u00f6rda r\u00e5varor fr\u00e5n lokala ekologiska g\u00e5rdar<\/li>\n\n\n\n<li><strong>Hemliga middagar vid havet<\/strong> \u2013 Matupplevelser vid stranden som hyllar Mallorcas exceptionella skaldjur<\/li>\n\n\n\n<li><strong>Mat p\u00e5 ving\u00e5rden i solnedg\u00e5ngen<\/strong> \u2013 Kombinerar v\u00e5r vinexpertis med kulinariska \u00e4ventyr utomhus<\/li>\n\n\n\n<li><strong>Utforskning av festivalmat<\/strong> \u2013 Exklusiv tillg\u00e5ng till lokala matfestivaler och fester<\/li>\n<\/ul>\n\n\n\n<p><strong>H\u00f6st- och vintergl\u00e4dje\u00e4mnen:<\/strong><\/p>\n\n\n\n<ul class=\"wp-block-list\">\n<li><strong>Sk\u00f6rdefester<\/strong> \u2013 F\u00f6lj med lokala producenter under oliv-, mandel- och citrussk\u00f6rdarna<\/li>\n\n\n\n<li><strong>Komfortmatskr\u00f6nikor<\/strong> \u2013 Utforska Mallorcas rej\u00e4la vintermattraditioner<\/li>\n\n\n\n<li><strong>Julkulinariska traditioner<\/strong> \u2013 Upplev autentiska mallorcinska jul- och ny\u00e5rsmattraditioner<\/li>\n\n\n\n<li><strong>Hemliga middagar inomhus<\/strong> \u2013 Mysiga, intima matupplevelser i unika historiska milj\u00f6er<\/li>\n<\/ul>\n\n\n\n<h2 class=\"wp-block-heading\">Gemenskap och kontakt<\/h2>\n\n\n\n<h3 class=\"wp-block-heading\">Bygga livsl\u00e5nga v\u00e4nskaper genom mat<\/h3>\n\n\n\n<p>Mat har den unika kraften att f\u00f6ra m\u00e4nniskor samman, och v\u00e5ra Foodie Zone-upplevelser \u00e4r utformade f\u00f6r att fr\u00e4mja genuina kontakter mellan likasinnade kulinariska entusiaster.<\/p>\n\n\n\n<p><strong>Delad passion, varaktiga band:<\/strong><\/p>\n\n\n\n<ul class=\"wp-block-list\">\n<li><strong>Intimitet i liten grupp<\/strong> \u2013 Maximalt 12 deltagare s\u00e4kerst\u00e4ller meningsfulla samtal och kontakter<\/li>\n\n\n\n<li><strong>M\u00e5ngfaldig internationell gemenskap<\/strong> \u2013 Tr\u00e4ffa andra mat\u00e4lskare fr\u00e5n hela v\u00e4rlden som nu kallar Mallorca sitt hem<\/li>\n\n\n\n<li><strong>Fortsatta relationer<\/strong> \u2013 M\u00e5nga medlemmar organiserar privata middagsupplevelser tillsammans utanf\u00f6r officiella evenemang<\/li>\n\n\n\n<li><strong>Kulinarisk kunskapsdelning<\/strong> \u2013 Medlemmar utbyter recept, restaurangrekommendationer och matlagningstips<\/li>\n<\/ul>\n\n\n\n<h3 class=\"wp-block-heading\">Expertkurering och lokala insikter<\/h3>\n\n\n\n<p>V\u00e5ra djupa relationer inom Mallorcas kulinariska gemenskap s\u00e4kerst\u00e4ller att medlemmarna upplever \u00f6ns matscen som riktiga insiders, inte turister.<\/p>\n\n\n\n<p><strong>Insider\u00e5tkomst och kunskap:<\/strong><\/p>\n\n\n\n<ul class=\"wp-block-list\">\n<li><strong>Lokalt matn\u00e4tverk<\/strong> \u2013 Kontakter med b\u00f6nder, producenter, kockar och mathantverkare \u00f6ver hela \u00f6n<\/li>\n\n\n\n<li><strong>S\u00e4songsbetonad tidpunkt<\/strong> \u2013 Upplevelser perfekt tajmade med ingrediensernas s\u00e4song och lokala mattraditioner<\/li>\n\n\n\n<li><strong>Kulturell kontext<\/strong> \u2013 F\u00f6rst\u00e5 historien och ber\u00e4ttelserna bakom traditionella r\u00e4tter och tekniker<\/li>\n\n\n\n<li><strong>Kvalitetss\u00e4kring<\/strong> \u2013 Varje upplevelse granskas personligen f\u00f6r att s\u00e4kerst\u00e4lla exceptionella standarder<\/li>\n<\/ul>\n\n\n\n<h2 class=\"wp-block-heading\">Medlemsf\u00f6rm\u00e5ner och exklusiv \u00e5tkomst<\/h2>\n\n\n\n<h3 class=\"wp-block-heading\">Prioriterade bokningar och specialpriser<\/h3>\n\n\n\n<p>Medlemmar i Foodie Zone f\u00e5r exklusiva f\u00f6rm\u00e5ner som f\u00f6rb\u00e4ttrar deras kulinariska utforskande p\u00e5 hela Mallorca.<\/p>\n\n\n\n<p><strong>Medlemsf\u00f6rm\u00e5ner:<\/strong><\/p>\n\n\n\n<ul class=\"wp-block-list\">\n<li><strong>Tidig \u00e5tkomst<\/strong> \u2013 F\u00f6rsta m\u00f6jligheten att boka hemliga middagar och specialevenemang med begr\u00e4nsad kapacitet<\/li>\n\n\n\n<li><strong>Exklusiva platser<\/strong> \u2013 Tillg\u00e5ng till privata matst\u00e4llen \u00e4r inte tillg\u00e4nglig f\u00f6r icke-medlemmar<\/li>\n\n\n\n<li><strong>Specialpriser<\/strong> \u2013 Medlemspriser p\u00e5 alla Foodie Zone-upplevelser och bokningar av partnerrestauranger<\/li>\n\n\n\n<li><strong>Personliga rekommendationer<\/strong> \u2013 Anpassade matf\u00f6rslag baserat p\u00e5 dina preferenser och kostbehov<\/li>\n<\/ul>\n\n\n\n<h3 class=\"wp-block-heading\">Kulinariska concierge-tj\u00e4nster<\/h3>\n\n\n\n<p>Ut\u00f6ver organiserade upplevelser erbjuder v\u00e5r Foodie Zone kontinuerligt st\u00f6d f\u00f6r medlemmars oberoende kulinariska \u00e4ventyr.<\/p>\n\n\n\n<p><strong>Personlig matst\u00f6d:<\/strong><\/p>\n\n\n\n<ul class=\"wp-block-list\">\n<li><strong>Restaurangbokningar<\/strong> \u2013 Hj\u00e4lp med att boka bord p\u00e5 Mallorcas mest eftertraktade restauranger<\/li>\n\n\n\n<li><strong>Planering av speciella tillf\u00e4llen<\/strong> \u2013 Skr\u00e4ddarsydda matupplevelser f\u00f6r f\u00f6delsedagar, jubileer och firanden<\/li>\n\n\n\n<li><strong>Kostanpassning<\/strong> \u2013 Specialiserad v\u00e4gledning f\u00f6r medlemmar med allergier, kostrestriktioner eller preferenser<\/li>\n\n\n\n<li><strong>Bes\u00f6karunderh\u00e5llning<\/strong> \u2013 Imponerande matupplevelser n\u00e4r du har g\u00e4ster fr\u00e5n utlandet<\/li>\n<\/ul>\n\n\n\n<h2 class=\"wp-block-heading\">G\u00e5 med i Mallorcas mest passionerade matgemenskap<\/h2>\n\n\n\n<p>Foodie Zone f\u00f6rvandlar matupplevelser fr\u00e5n ren n\u00e4ring till en resa av uppt\u00e4ckter, kontakt och ren njutning. Oavsett om du \u00e4r en erfaren gastronom eller helt enkelt n\u00e5gon som uppskattar exceptionella matupplevelser, v\u00e4lkomnar v\u00e5r gemenskap dig att utforska Mallorcas otroliga kulinariska landskap tillsammans med andra passionerade mat\u00e4lskare.<\/p>\n\n\n\n<p>Fr\u00e5n intima hemliga middagar med morgondagens kulinariska stj\u00e4rnor till guidade utforskningar av Palmas st\u00e4ndigt v\u00e4xande restaurangscen, \u00e4r varje upplevelse noggrant utvald f\u00f6r att \u00f6vertr\u00e4ffa f\u00f6rv\u00e4ntningarna och skapa best\u00e5ende minnen.<\/p>\n\n\n\n<h2 class=\"wp-block-heading\">Redo att b\u00f6rja ditt kulinariska \u00e4ventyr?<\/h2>\n\n\n\n<p>G\u00e5 med i The Foodie Zone och uppt\u00e4ck varf\u00f6r v\u00e5ra medlemmar anser att det \u00e4r h\u00f6jdpunkten i sin Mallorca-kalender. Ditt bord v\u00e4ntar p\u00e5 v\u00e5r n\u00e4sta Secret Supper.<\/p>\n\n\n\n<p><strong>G\u00e5 med i v\u00e5r exklusiva Foodie Zone-community direkt f\u00f6r omedelbar tillg\u00e5ng till kommande Secret Suppers och kulinariska upplevelser.<\/strong><\/p>\n\n\n\n<p><a href=\"https:\/\/laislabonitasocial.club\/sv\/membership-levels\/\">https:\/\/laislabonitasocial.club\/membership-levels\/<\/a><\/p>\n\n\n\n<p><\/p>\n\n\n\n<hr class=\"wp-block-separator has-alpha-channel-opacity\"\/>\n\n\n\n<p><em>La Isla Bonita Social Club \u2013 D\u00e4r exceptionell mat f\u00f6r samman exceptionella m\u00e4nniskor<\/em><\/p>","protected":false},"excerpt":{"rendered":"<p>Where Culinary Passion Meets Community Welcome to La Isla Bonita Social Club\u2019s most beloved zone, where passionate food lovers unite to explore Mallorca\u2019s extraordinary culinary landscape. From intimate Secret Suppers featuring emerging chefs to guided explorations of Palma\u2019s dining evolution, our Foodie Zone creates unforgettable experiences that nourish both body and soul. Signature Experiences Secret [&hellip;]<\/p>\n","protected":false},"author":262050677,"featured_media":0,"parent":0,"menu_order":0,"comment_status":"closed","ping_status":"closed","template":"","meta":{"content-type":"","pmpro_default_level":"","footnotes":""},"class_list":["post-2621","page","type-page","status-publish","hentry","pmpro-has-access"],"jetpack_shortlink":"https:\/\/wp.me\/PglZ8M-Gh","jetpack-related-posts":[{"id":96,"url":"https:\/\/laislabonitasocial.club\/sv\/","url_meta":{"origin":2621,"position":0},"title":"Hem","author":"Laislabonitasocialclub","date":"19th februari 2025","format":false,"excerpt":"Mallorca's premier international club offering exclusive social experiences, complete relocation support, and trusted legal services with an inclusive spirit. Join Us About Us Mallorca\u2019s premier international club Step into La Isla Bonita Social Club, where membership opens the door to Mallorca's most dynamic international community and comprehensive island living support.\u2026","rel":"","context":"Liknande inl\u00e4gg","block_context":{"text":"Liknande inl\u00e4gg","link":""},"img":{"alt_text":"","src":"https:\/\/i0.wp.com\/laislabonitasocial.club\/wp-content\/uploads\/2025\/02\/pexels-mat-brown-150387-1395967.jpg?resize=350%2C200&ssl=1","width":350,"height":200,"srcset":"https:\/\/i0.wp.com\/laislabonitasocial.club\/wp-content\/uploads\/2025\/02\/pexels-mat-brown-150387-1395967.jpg?resize=350%2C200&ssl=1 1x, https:\/\/i0.wp.com\/laislabonitasocial.club\/wp-content\/uploads\/2025\/02\/pexels-mat-brown-150387-1395967.jpg?resize=525%2C300&ssl=1 1.5x, https:\/\/i0.wp.com\/laislabonitasocial.club\/wp-content\/uploads\/2025\/02\/pexels-mat-brown-150387-1395967.jpg?resize=700%2C400&ssl=1 2x, https:\/\/i0.wp.com\/laislabonitasocial.club\/wp-content\/uploads\/2025\/02\/pexels-mat-brown-150387-1395967.jpg?resize=1050%2C600&ssl=1 3x, https:\/\/i0.wp.com\/laislabonitasocial.club\/wp-content\/uploads\/2025\/02\/pexels-mat-brown-150387-1395967.jpg?resize=1400%2C800&ssl=1 4x"},"classes":[]},{"id":1,"url":"https:\/\/laislabonitasocial.club\/sv\/about\/","url_meta":{"origin":2621,"position":1},"title":"Om","author":"Laislabonitasocialclub","date":"13th februari 2025","format":false,"excerpt":"About Us Discover Mallorca through the eyes of our international community - from hidden culinary gems and boutique wineries to insider recommendations and unique island experiences, curated especially for discerning members who love great food, wine, and meaningful connections. - For Editorial Page How we were born Born from a\u2026","rel":"","context":"Liknande inl\u00e4gg","block_context":{"text":"Liknande inl\u00e4gg","link":""},"img":{"alt_text":"","src":"https:\/\/i0.wp.com\/laislabonitasocial.club\/wp-content\/uploads\/2025\/02\/IMG_5520.jpeg?resize=350%2C200&ssl=1","width":350,"height":200,"srcset":"https:\/\/i0.wp.com\/laislabonitasocial.club\/wp-content\/uploads\/2025\/02\/IMG_5520.jpeg?resize=350%2C200&ssl=1 1x, https:\/\/i0.wp.com\/laislabonitasocial.club\/wp-content\/uploads\/2025\/02\/IMG_5520.jpeg?resize=525%2C300&ssl=1 1.5x"},"classes":[]},{"id":2625,"url":"https:\/\/laislabonitasocial.club\/sv\/secret-suppers\/","url_meta":{"origin":2621,"position":2},"title":"Hemliga middagar","author":"Laislabonitasocialclub","date":"29th augusti 2025","format":false,"excerpt":"","rel":"","context":"Liknande inl\u00e4gg","block_context":{"text":"Liknande inl\u00e4gg","link":""},"img":{"alt_text":"","src":"","width":0,"height":0},"classes":[]},{"id":424,"url":"https:\/\/laislabonitasocial.club\/sv\/events-list-style-with-search-box\/","url_meta":{"origin":2621,"position":3},"title":"H\u00e4ndelser","author":"","date":"20th februari 2025","format":false,"excerpt":"Past Events 25 Jan \ud83c\udf3f January Secret Supper at La Palet Greek Restaurant \u2013 January 25th \ud83c\udf3f Price: \u20ac45.00 Book Now 21 Feb \ud83c\udf55 February Secret Supper at La Isla Bonita Social Club \u2013 February 21st \ud83c\udf55 Price: \u20ac45.00 Book Now 06 Dec La Isla Bonita Christmas Party 2024 Price\u2026","rel":"","context":"Liknande inl\u00e4gg","block_context":{"text":"Liknande inl\u00e4gg","link":""},"img":{"alt_text":"","src":"","width":0,"height":0},"classes":[]},{"id":2703,"url":"https:\/\/laislabonitasocial.club\/sv\/sales-marketing-manager\/","url_meta":{"origin":2621,"position":4},"title":"F\u00f6rs\u00e4ljnings- och marknadschef","author":"Laislabonitasocialclub","date":"13th september 2025","format":false,"excerpt":"Part-time role based in Mallorca About La Isla Bonita Social Club La Isla Bonita Social Club is Mallorca\u2019s premier international social club, creating sophisticated experiences that bring together international residents through exclusive food, wine, and lifestyle experiences. Our thoughtfully curated events and specialized membership zones create lasting friendships and memorable\u2026","rel":"","context":"Liknande inl\u00e4gg","block_context":{"text":"Liknande inl\u00e4gg","link":""},"img":{"alt_text":"","src":"","width":0,"height":0},"classes":[]},{"id":15,"url":"https:\/\/laislabonitasocial.club\/sv\/editorial\/","url_meta":{"origin":2621,"position":5},"title":"Redaktionell","author":"Laislabonitasocialclub","date":"19th februari 2025","format":false,"excerpt":"Editorial Discover Mallorca through the eyes of our international community - from hidden culinary gems and boutique wineries to insider recommendations and unique island experiences, curated especially for discerning members who love great food, wine, and meaningful connections. show all General Restaurants San Juan 2025: Mallorca\u2019s Night of Fire A\u2026","rel":"","context":"Liknande inl\u00e4gg","block_context":{"text":"Liknande inl\u00e4gg","link":""},"img":{"alt_text":"","src":"","width":0,"height":0},"classes":[]}],"jetpack_sharing_enabled":true,"jetpack_likes_enabled":true,"_links":{"self":[{"href":"https:\/\/laislabonitasocial.club\/sv\/wp-json\/wp\/v2\/pages\/2621","targetHints":{"allow":["GET"]}}],"collection":[{"href":"https:\/\/laislabonitasocial.club\/sv\/wp-json\/wp\/v2\/pages"}],"about":[{"href":"https:\/\/laislabonitasocial.club\/sv\/wp-json\/wp\/v2\/types\/page"}],"author":[{"embeddable":true,"href":"https:\/\/laislabonitasocial.club\/sv\/wp-json\/wp\/v2\/users\/262050677"}],"replies":[{"embeddable":true,"href":"https:\/\/laislabonitasocial.club\/sv\/wp-json\/wp\/v2\/comments?post=2621"}],"version-history":[{"count":3,"href":"https:\/\/laislabonitasocial.club\/sv\/wp-json\/wp\/v2\/pages\/2621\/revisions"}],"predecessor-version":[{"id":2648,"href":"https:\/\/laislabonitasocial.club\/sv\/wp-json\/wp\/v2\/pages\/2621\/revisions\/2648"}],"wp:attachment":[{"href":"https:\/\/laislabonitasocial.club\/sv\/wp-json\/wp\/v2\/media?parent=2621"}],"curies":[{"name":"wp","href":"https:\/\/api.w.org\/{rel}","templated":true}]}}