{"id":2885,"date":"2026-02-03T21:41:06","date_gmt":"2026-02-03T20:41:06","guid":{"rendered":"https:\/\/laislabonitasocial.club\/?page_id=2885"},"modified":"2026-02-03T21:41:10","modified_gmt":"2026-02-03T20:41:10","slug":"legal-support-enquiry","status":"publish","type":"page","link":"https:\/\/laislabonitasocial.club\/sv\/legal-support-enquiry\/","title":{"rendered":"F\u00f6rfr\u00e5gan om juridisk support"},"content":{"rendered":"<div class=\"wpforms-container wpforms-container-full wpforms-block wpforms-block-c767241e-27f7-4c79-8023-701c112c24ea wpforms-render-modern\" id=\"wpforms-2879\"><form id=\"wpforms-form-2879\" class=\"wpforms-validate wpforms-form\" data-formid=\"2879\" method=\"post\" enctype=\"multipart\/form-data\" action=\"\/sv\/wp-json\/wp\/v2\/pages\/2885\" data-token=\"e98d6650d6ea08c40d1708687d5d2153\" data-token-time=\"1776840489\"><noscript class=\"wpforms-error-noscript\">Aktivera JavaScript i din webbl\u00e4sare f\u00f6r att fylla i formul\u00e4ret.<\/noscript><div id=\"wpforms-error-noscript\" style=\"display: none;\">Aktivera JavaScript i din webbl\u00e4sare f\u00f6r att fylla i formul\u00e4ret.<\/div><div class=\"wpforms-field-container\"><div id=\"wpforms-2879-field_1-container\" class=\"wpforms-field wpforms-field-name\" data-field-id=\"1\"><fieldset><legend class=\"wpforms-field-label\">Full Name <span class=\"wpforms-required-label\" aria-hidden=\"true\">*<\/span><\/legend><div class=\"wpforms-field-row wpforms-field-medium\"><div class=\"wpforms-field-row-block wpforms-first wpforms-one-half\"><input type=\"text\" id=\"wpforms-2879-field_1\" class=\"wpforms-field-name-first wpforms-field-required\" name=\"wpforms[fields][1][first]\" aria-errormessage=\"wpforms-2879-field_1-error\" required><label for=\"wpforms-2879-field_1\" class=\"wpforms-field-sublabel after\">F\u00f6rst<\/label><\/div><div class=\"wpforms-field-row-block wpforms-one-half\"><input type=\"text\" id=\"wpforms-2879-field_1-last\" class=\"wpforms-field-name-last wpforms-field-required\" name=\"wpforms[fields][1][last]\" aria-errormessage=\"wpforms-2879-field_1-last-error\" required><label for=\"wpforms-2879-field_1-last\" class=\"wpforms-field-sublabel after\">Sist<\/label><\/div><\/div><\/fieldset><\/div><div id=\"wpforms-2879-field_2-container\" class=\"wpforms-field wpforms-field-date-time\" data-field-id=\"2\"><label class=\"wpforms-field-label\" for=\"wpforms-2879-field_2\">Birth date<\/label><div class=\"wpforms-datepicker-wrap\"><input type=\"text\" id=\"wpforms-2879-field_2\" class=\"wpforms-field-date-time-date wpforms-datepicker wpforms-field-medium\" data-date-format=\"m\/d\/Y\" data-disable-past-dates=\"0\" data-input=\"true\" name=\"wpforms[fields][2][date]\" aria-errormessage=\"wpforms-2879-field_2-error\" ><a title=\"Clear Date\" data-clear role=\"button\" tabindex=\"0\" class=\"wpforms-datepicker-clear\" aria-label=\"Clear Date\" style=\"display:none;\"><\/a><\/div><\/div><div id=\"wpforms-2879-field_3-container\" class=\"wpforms-field wpforms-field-text\" data-field-id=\"3\"><label class=\"wpforms-field-label\" for=\"wpforms-2879-field_3\">Nationality<\/label><input type=\"text\" id=\"wpforms-2879-field_3\" class=\"wpforms-field-medium\" name=\"wpforms[fields][3]\" aria-errormessage=\"wpforms-2879-field_3-error\" ><\/div><div id=\"wpforms-2879-field_4-container\" class=\"wpforms-field wpforms-field-text\" data-field-id=\"4\"><label class=\"wpforms-field-label\" for=\"wpforms-2879-field_4\">NIE if available<\/label><input type=\"text\" id=\"wpforms-2879-field_4\" class=\"wpforms-field-medium\" name=\"wpforms[fields][4]\" aria-errormessage=\"wpforms-2879-field_4-error\" ><\/div><div id=\"wpforms-2879-field_12-container\" class=\"wpforms-field wpforms-field-email\" data-field-id=\"12\"><fieldset><legend class=\"wpforms-field-label\">Email <span class=\"wpforms-required-label\" aria-hidden=\"true\">*<\/span><\/legend><div class=\"wpforms-field-row wpforms-field-medium\"><div class=\"wpforms-field-row-block wpforms-one-half wpforms-first\"><input type=\"email\" id=\"wpforms-2879-field_12\" class=\"wpforms-field-required wpforms-field-email-primary\" name=\"wpforms[fields][12][primary]\" spellcheck=\"false\" aria-errormessage=\"wpforms-2879-field_12-error\" required><label for=\"wpforms-2879-field_12\" class=\"wpforms-field-sublabel after\">E-post<\/label><\/div><div class=\"wpforms-field-row-block wpforms-one-half\"><input type=\"email\" id=\"wpforms-2879-field_12-secondary\" class=\"wpforms-field-email-secondary wpforms-field-required\" data-rule-confirm=\"#wpforms-2879-field_12\" name=\"wpforms[fields][12][secondary]\" spellcheck=\"false\" aria-errormessage=\"wpforms-2879-field_12-secondary-error\" required><label for=\"wpforms-2879-field_12-secondary\" class=\"wpforms-field-sublabel after\">Bekr\u00e4fta e-post<\/label><\/div><\/div><\/fieldset><\/div><div id=\"wpforms-2879-field_5-container\" class=\"wpforms-field wpforms-field-phone\" data-field-id=\"5\"><label class=\"wpforms-field-label\" for=\"wpforms-2879-field_5\">Mobile Phone <span class=\"wpforms-required-label\" aria-hidden=\"true\">*<\/span><\/label><input type=\"tel\" id=\"wpforms-2879-field_5\" class=\"wpforms-field-medium wpforms-field-required wpforms-smart-phone-field\" data-rule-smart-phone-field=\"true\" name=\"wpforms[fields][5]\" aria-label=\"Mobile Phone\" aria-errormessage=\"wpforms-2879-field_5-error\" required><\/div><div id=\"wpforms-2879-field_6-container\" class=\"wpforms-field wpforms-field-text\" data-field-id=\"6\"><label class=\"wpforms-field-label\" for=\"wpforms-2879-field_6\">City<\/label><input type=\"text\" id=\"wpforms-2879-field_6\" class=\"wpforms-field-medium\" name=\"wpforms[fields][6]\" aria-errormessage=\"wpforms-2879-field_6-error\" ><\/div>\t\t<div id=\"wpforms-2879-field_13-container\"\n\t\t\tclass=\"wpforms-field wpforms-field-text\"\n\t\t\tdata-field-type=\"text\"\n\t\t\tdata-field-id=\"13\"\n\t\t\t>\n\t\t\t<label class=\"wpforms-field-label\" for=\"wpforms-2879-field_13\" >Name you support<\/label>\n\t\t\t<input type=\"text\" id=\"wpforms-2879-field_13\" class=\"wpforms-field-medium\" name=\"wpforms[fields][13]\" >\n\t\t<\/div>\n\t\t<div id=\"wpforms-2879-field_7-container\" class=\"wpforms-field wpforms-field-text\" data-field-id=\"7\"><label class=\"wpforms-field-label\" for=\"wpforms-2879-field_7\">Province<\/label><input type=\"text\" id=\"wpforms-2879-field_7\" class=\"wpforms-field-medium\" name=\"wpforms[fields][7]\" aria-errormessage=\"wpforms-2879-field_7-error\" ><\/div><div id=\"wpforms-2879-field_8-container\" class=\"wpforms-field wpforms-field-text\" data-field-id=\"8\"><label class=\"wpforms-field-label\" for=\"wpforms-2879-field_8\">Country<\/label><input type=\"text\" id=\"wpforms-2879-field_8\" class=\"wpforms-field-medium\" name=\"wpforms[fields][8]\" aria-errormessage=\"wpforms-2879-field_8-error\" ><\/div><div id=\"wpforms-2879-field_11-container\" class=\"wpforms-field wpforms-field-radio\" data-field-id=\"11\"><fieldset><legend class=\"wpforms-field-label\">What kind of support do you need?<\/legend><ul id=\"wpforms-2879-field_11\"><li class=\"choice-1 depth-1\"><input type=\"radio\" id=\"wpforms-2879-field_11_1\" name=\"wpforms[fields][11]\" value=\"Residency e.g. NIE, Green Card\" aria-errormessage=\"wpforms-2879-field_11_1-error\"  ><label class=\"wpforms-field-label-inline\" for=\"wpforms-2879-field_11_1\">Residency e.g. NIE, Green Card<\/label><\/li><li class=\"choice-2 depth-1\"><input type=\"radio\" id=\"wpforms-2879-field_11_2\" name=\"wpforms[fields][11]\" value=\"Property Law\" aria-errormessage=\"wpforms-2879-field_11_2-error\"  ><label class=\"wpforms-field-label-inline\" for=\"wpforms-2879-field_11_2\">Property Law<\/label><\/li><li class=\"choice-3 depth-1\"><input type=\"radio\" id=\"wpforms-2879-field_11_3\" name=\"wpforms[fields][11]\" value=\"Criminal Law\" aria-errormessage=\"wpforms-2879-field_11_3-error\"  ><label class=\"wpforms-field-label-inline\" for=\"wpforms-2879-field_11_3\">Criminal Law<\/label><\/li><li class=\"choice-4 depth-1 wpforms-other-choice\"><input type=\"radio\" id=\"wpforms-2879-field_11_4\" data-other-choice=\"true\" name=\"wpforms[fields][11]\" value=\"Other\" aria-errormessage=\"wpforms-2879-field_11_4-error\"  ><label class=\"wpforms-field-label-inline\" for=\"wpforms-2879-field_11_4\">Other<\/label><\/li><\/ul><input type=\"text\" id=\"wpforms-2879-field_11_other\" class=\"wpforms-other-input wpforms-field-required wpforms-field-medium wpforms-hidden\" name=\"wpforms[fields][11][other]\" disabled=\"disabled\" required><\/fieldset><\/div><div id=\"wpforms-2879-field_9-container\" class=\"wpforms-field wpforms-field-textarea\" data-field-id=\"9\"><label class=\"wpforms-field-label\" for=\"wpforms-2879-field_9\">Please provide more information.<\/label><textarea id=\"wpforms-2879-field_9\" class=\"wpforms-field-medium\" name=\"wpforms[fields][9]\" aria-errormessage=\"wpforms-2879-field_9-error\" ><\/textarea><\/div><div id=\"wpforms-2879-field_10-container\" class=\"wpforms-field wpforms-field-captcha\" data-field-id=\"10\"><label class=\"wpforms-field-label\" for=\"wpforms-2879-field_10\">Custom Captcha <span class=\"wpforms-required-label\" aria-hidden=\"true\">*<\/span><\/label>\t\t\t<div class=\"wpforms-captcha-math\">\n\t\t\t\t<span id=\"wpforms-2879-field_10-question\" class=\"wpforms-captcha-equation\">\n\t\t\t\t\t<span class=\"n1\">4<\/span>\n\t\t\t\t\t\t\t<span class=\"cal\">*<\/span>\n\t\t\t\t\t\t\t<span class=\"n2\">12<\/span>\t\t\t\t\t<span class=\"e\">=<\/span>\n\t\t\t\t<\/span>\n\t\t\t\t<input type=\"text\" id=\"wpforms-2879-field_10\" class=\"wpforms-field-medium wpforms-field-required a\" data-rule-wpf-captcha=\"math\" data-is-wrapped-field=\"1\" name=\"wpforms[fields][10][a]\" aria-errormessage=\"wpforms-2879-field_10-error\" aria-describedby=\"wpforms-2879-field_10-question\" required>\t\t\t\t<input type=\"hidden\" name=\"wpforms[fields][10][cal]\" class=\"cal\">\n\t\t\t\t<input type=\"hidden\" name=\"wpforms[fields][10][n2]\" class=\"n2\">\n\t\t\t\t<input type=\"hidden\" name=\"wpforms[fields][10][n1]\" class=\"n1\">\n\t\t\t<\/div>\n\t\t\t<\/div><script>\n\t\t\t\t( function() {\n\t\t\t\t\tconst style = document.createElement( 'style' );\n\t\t\t\t\tstyle.appendChild( document.createTextNode( '#wpforms-2879-field_13-container { position: absolute !important; overflow: hidden !important; display: inline !important; height: 1px !important; width: 1px !important; z-index: -1000 !important; padding: 0 !important; } #wpforms-2879-field_13-container input { visibility: hidden; } #wpforms-conversational-form-page #wpforms-2879-field_13-container label { counter-increment: none; }' ) );\n\t\t\t\t\tdocument.head.appendChild( style );\n\t\t\t\t\tdocument.currentScript?.remove();\n\t\t\t\t} )();\n\t\t\t<\/script><\/div><!-- .wpforms-field-container --><div class=\"wpforms-submit-container\" ><input type=\"hidden\" name=\"wpforms[id]\" value=\"2879\"><input type=\"hidden\" name=\"page_title\" value=\"\"><input type=\"hidden\" name=\"page_url\" value=\"https:\/\/laislabonitasocial.club\/sv\/wp-json\/wp\/v2\/pages\/2885\"><input type=\"hidden\" name=\"url_referer\" value=\"\"><button type=\"submit\" name=\"wpforms[submit]\" id=\"wpforms-submit-2879\" class=\"wpforms-submit\" data-alt-text=\"Sending\u2026\" data-submit-text=\"Submit\" aria-live=\"assertive\" value=\"wpforms-submit\">Submit<\/button><\/div><\/form><\/div>  <!-- .wpforms-container -->","protected":false},"excerpt":{"rendered":"","protected":false},"author":262050677,"featured_media":2886,"parent":0,"menu_order":0,"comment_status":"closed","ping_status":"closed","template":"","meta":{"content-type":"","pmpro_default_level":"","footnotes":""},"class_list":["post-2885","page","type-page","status-publish","has-post-thumbnail","hentry","pmpro-has-access"],"jetpack_shortlink":"https:\/\/wp.me\/PglZ8M-Kx","jetpack-related-posts":[{"id":2976,"url":"https:\/\/laislabonitasocial.club\/sv\/your-legal-journey-starts-here\/","url_meta":{"origin":2885,"position":0},"title":"Din juridiska resa b\u00f6rjar h\u00e4r","author":"Laislabonitasocialclub","date":"18th mars 2026","format":false,"excerpt":"Legal Services in Palma de MallorcaA full-service law firm based in Palma, providing expert legal advice and representation across a wide range of practice areas. We combine deep knowledge of Balearic and Spanish law with a personalised, accessible approach \u2014 offering every client clear guidance, prompt communication, and dedicated support\u2026","rel":"","context":"Liknande inl\u00e4gg","block_context":{"text":"Liknande inl\u00e4gg","link":""},"img":{"alt_text":"","src":"https:\/\/i0.wp.com\/laislabonitasocial.club\/wp-content\/uploads\/2026\/02\/IMG_1370.jpeg?fit=920%2C1200&ssl=1&resize=350%2C200","width":350,"height":200,"srcset":"https:\/\/i0.wp.com\/laislabonitasocial.club\/wp-content\/uploads\/2026\/02\/IMG_1370.jpeg?fit=920%2C1200&ssl=1&resize=350%2C200 1x, https:\/\/i0.wp.com\/laislabonitasocial.club\/wp-content\/uploads\/2026\/02\/IMG_1370.jpeg?fit=920%2C1200&ssl=1&resize=525%2C300 1.5x, https:\/\/i0.wp.com\/laislabonitasocial.club\/wp-content\/uploads\/2026\/02\/IMG_1370.jpeg?fit=920%2C1200&ssl=1&resize=700%2C400 2x"},"classes":[]},{"id":96,"url":"https:\/\/laislabonitasocial.club\/sv\/","url_meta":{"origin":2885,"position":1},"title":"Hem","author":"Laislabonitasocialclub","date":"19th februari 2025","format":false,"excerpt":"Mallorca's premier international club offering exclusive social experiences, complete relocation support, and trusted legal services with an inclusive spirit. Join Us About Us Mallorca\u2019s premier international club Step into La Isla Bonita Social Club, where membership opens the door to Mallorca's most dynamic international community and comprehensive island living support.\u2026","rel":"","context":"Liknande inl\u00e4gg","block_context":{"text":"Liknande inl\u00e4gg","link":""},"img":{"alt_text":"","src":"https:\/\/i0.wp.com\/laislabonitasocial.club\/wp-content\/uploads\/2025\/02\/pexels-mat-brown-150387-1395967.jpg?resize=350%2C200&ssl=1","width":350,"height":200,"srcset":"https:\/\/i0.wp.com\/laislabonitasocial.club\/wp-content\/uploads\/2025\/02\/pexels-mat-brown-150387-1395967.jpg?resize=350%2C200&ssl=1 1x, https:\/\/i0.wp.com\/laislabonitasocial.club\/wp-content\/uploads\/2025\/02\/pexels-mat-brown-150387-1395967.jpg?resize=525%2C300&ssl=1 1.5x, https:\/\/i0.wp.com\/laislabonitasocial.club\/wp-content\/uploads\/2025\/02\/pexels-mat-brown-150387-1395967.jpg?resize=700%2C400&ssl=1 2x, https:\/\/i0.wp.com\/laislabonitasocial.club\/wp-content\/uploads\/2025\/02\/pexels-mat-brown-150387-1395967.jpg?resize=1050%2C600&ssl=1 3x, https:\/\/i0.wp.com\/laislabonitasocial.club\/wp-content\/uploads\/2025\/02\/pexels-mat-brown-150387-1395967.jpg?resize=1400%2C800&ssl=1 4x"},"classes":[]},{"id":2983,"url":"https:\/\/laislabonitasocial.club\/sv\/concierge-services\/","url_meta":{"origin":2885,"position":2},"title":"Concierge-tj\u00e4nster","author":"Laislabonitasocialclub","date":"18th mars 2026","format":false,"excerpt":"Life in Mallorca, taken care of. Relocating to a new country \u2014 or simply making the most of life on the island \u2014 involves an enormous amount of practical detail. Finding the right people, navigating unfamiliar systems, and knowing who to trust takes time you may not have. Our concierge\u2026","rel":"","context":"Liknande inl\u00e4gg","block_context":{"text":"Liknande inl\u00e4gg","link":""},"img":{"alt_text":"","src":"https:\/\/i0.wp.com\/laislabonitasocial.club\/wp-content\/uploads\/2026\/03\/de895c00-2b26-4eed-a402-1a63f801f229-1.jpg?fit=1200%2C607&ssl=1&resize=350%2C200","width":350,"height":200,"srcset":"https:\/\/i0.wp.com\/laislabonitasocial.club\/wp-content\/uploads\/2026\/03\/de895c00-2b26-4eed-a402-1a63f801f229-1.jpg?fit=1200%2C607&ssl=1&resize=350%2C200 1x, https:\/\/i0.wp.com\/laislabonitasocial.club\/wp-content\/uploads\/2026\/03\/de895c00-2b26-4eed-a402-1a63f801f229-1.jpg?fit=1200%2C607&ssl=1&resize=525%2C300 1.5x, https:\/\/i0.wp.com\/laislabonitasocial.club\/wp-content\/uploads\/2026\/03\/de895c00-2b26-4eed-a402-1a63f801f229-1.jpg?fit=1200%2C607&ssl=1&resize=700%2C400 2x, https:\/\/i0.wp.com\/laislabonitasocial.club\/wp-content\/uploads\/2026\/03\/de895c00-2b26-4eed-a402-1a63f801f229-1.jpg?fit=1200%2C607&ssl=1&resize=1050%2C600 3x"},"classes":[]},{"id":2614,"url":"https:\/\/laislabonitasocial.club\/sv\/find-a-property-zone\/","url_meta":{"origin":2885,"position":3},"title":"Hitta en fastighetszon","author":"Laislabonitasocialclub","date":"29th augusti 2025","format":false,"excerpt":"Your Gateway to Mallorca\u2019s Finest Properties Welcome to La Isla Bonita Social Club\u2019s exclusive property services, where finding your perfect Mallorca home becomes a seamless, supported journey. Through our partnership with one of the island\u2019s most respected agencies, we offer our members unparalleled access to the best properties and professional\u2026","rel":"","context":"Liknande inl\u00e4gg","block_context":{"text":"Liknande inl\u00e4gg","link":""},"img":{"alt_text":"","src":"","width":0,"height":0},"classes":[]},{"id":2562,"url":"https:\/\/laislabonitasocial.club\/sv\/mallorca-settling-in-concierge-services\/","url_meta":{"origin":2885,"position":4},"title":"Mallorca bos\u00e4tter sig i concierge-tj\u00e4nster","author":"Laislabonitasocialclub","date":"8th augusti 2025","format":false,"excerpt":"DISCOVER YOUR NEW LIFE IN MALLORCA - CONTACT US TODAY \u00a0 \u00a0The Mediterranean Paradise Awaits You \u00a0 Making the leap to realize your dreams is one of life\u2019s most rewarding journeys. At La isla bonita social club, we\u2019re here to guide you toward a new chapter on this enchanting Mediterranean\u2026","rel":"","context":"Liknande inl\u00e4gg","block_context":{"text":"Liknande inl\u00e4gg","link":""},"img":{"alt_text":"","src":"https:\/\/i0.wp.com\/laislabonitasocial.club\/wp-content\/uploads\/2025\/08\/img_0740.jpg?fit=1200%2C900&ssl=1&resize=350%2C200","width":350,"height":200,"srcset":"https:\/\/i0.wp.com\/laislabonitasocial.club\/wp-content\/uploads\/2025\/08\/img_0740.jpg?fit=1200%2C900&ssl=1&resize=350%2C200 1x, https:\/\/i0.wp.com\/laislabonitasocial.club\/wp-content\/uploads\/2025\/08\/img_0740.jpg?fit=1200%2C900&ssl=1&resize=525%2C300 1.5x, https:\/\/i0.wp.com\/laislabonitasocial.club\/wp-content\/uploads\/2025\/08\/img_0740.jpg?fit=1200%2C900&ssl=1&resize=700%2C400 2x, https:\/\/i0.wp.com\/laislabonitasocial.club\/wp-content\/uploads\/2025\/08\/img_0740.jpg?fit=1200%2C900&ssl=1&resize=1050%2C600 3x"},"classes":[]},{"id":2616,"url":"https:\/\/laislabonitasocial.club\/sv\/spanish-residency-zone\/","url_meta":{"origin":2885,"position":5},"title":"Spansk bos\u00e4ttningszon","author":"Laislabonitasocialclub","date":"29th augusti 2025","format":false,"excerpt":"Your Complete Guide to Spanish Life - Simplified Making Spain your home is one of life\u2019s most exciting decisions, but navigating Spanish bureaucracy doesn\u2019t have to be overwhelming. Through our exclusive partnership with GottaloveSpain, La Isla Bonita Social Club offers comprehensive residency and relocation support that transforms complex administrative processes\u2026","rel":"","context":"Liknande inl\u00e4gg","block_context":{"text":"Liknande inl\u00e4gg","link":""},"img":{"alt_text":"","src":"","width":0,"height":0},"classes":[]}],"jetpack_sharing_enabled":true,"jetpack_likes_enabled":true,"_links":{"self":[{"href":"https:\/\/laislabonitasocial.club\/sv\/wp-json\/wp\/v2\/pages\/2885","targetHints":{"allow":["GET"]}}],"collection":[{"href":"https:\/\/laislabonitasocial.club\/sv\/wp-json\/wp\/v2\/pages"}],"about":[{"href":"https:\/\/laislabonitasocial.club\/sv\/wp-json\/wp\/v2\/types\/page"}],"author":[{"embeddable":true,"href":"https:\/\/laislabonitasocial.club\/sv\/wp-json\/wp\/v2\/users\/262050677"}],"replies":[{"embeddable":true,"href":"https:\/\/laislabonitasocial.club\/sv\/wp-json\/wp\/v2\/comments?post=2885"}],"version-history":[{"count":3,"href":"https:\/\/laislabonitasocial.club\/sv\/wp-json\/wp\/v2\/pages\/2885\/revisions"}],"predecessor-version":[{"id":2889,"href":"https:\/\/laislabonitasocial.club\/sv\/wp-json\/wp\/v2\/pages\/2885\/revisions\/2889"}],"wp:featuredmedia":[{"embeddable":true,"href":"https:\/\/laislabonitasocial.club\/sv\/wp-json\/wp\/v2\/media\/2886"}],"wp:attachment":[{"href":"https:\/\/laislabonitasocial.club\/sv\/wp-json\/wp\/v2\/media?parent=2885"}],"curies":[{"name":"wp","href":"https:\/\/api.w.org\/{rel}","templated":true}]}}