{"id":310,"date":"2025-02-19T23:03:29","date_gmt":"2025-02-19T22:03:29","guid":{"rendered":"https:\/\/laislabonitasocial.club\/my-account\/"},"modified":"2025-02-19T23:03:29","modified_gmt":"2025-02-19T22:03:29","slug":"my-account","status":"publish","type":"page","link":"https:\/\/laislabonitasocial.club\/sv\/my-account\/","title":{"rendered":"Mitt konto"},"content":{"rendered":"<div class=\"woocommerce\"><\/div>","protected":false},"excerpt":{"rendered":"","protected":false},"author":1,"featured_media":0,"parent":0,"menu_order":0,"comment_status":"closed","ping_status":"closed","template":"","meta":{"content-type":"","pmpro_default_level":"","footnotes":""},"class_list":["post-310","page","type-page","status-publish","hentry","pmpro-has-access"],"jetpack_shortlink":"https:\/\/wp.me\/PglZ8M-50","jetpack-related-posts":[{"id":1570,"url":"https:\/\/laislabonitasocial.club\/sv\/membership-account\/","url_meta":{"origin":310,"position":0},"title":"Membership Account","author":"Laislabonitasocialclub","date":"12th maj 2025","format":false,"excerpt":"","rel":"","context":"Liknande inl\u00e4gg","block_context":{"text":"Liknande inl\u00e4gg","link":""},"img":{"alt_text":"","src":"","width":0,"height":0},"classes":[]},{"id":1571,"url":"https:\/\/laislabonitasocial.club\/sv\/membership-account\/membership-billing\/","url_meta":{"origin":310,"position":1},"title":"Membership Billing","author":"Laislabonitasocialclub","date":"12th maj 2025","format":false,"excerpt":"[pmpro_billing]","rel":"","context":"Liknande inl\u00e4gg","block_context":{"text":"Liknande inl\u00e4gg","link":""},"img":{"alt_text":"","src":"","width":0,"height":0},"classes":[]},{"id":1572,"url":"https:\/\/laislabonitasocial.club\/sv\/membership-account\/membership-cancel\/","url_meta":{"origin":310,"position":2},"title":"Membership Cancel","author":"Laislabonitasocialclub","date":"12th maj 2025","format":false,"excerpt":"[pmpro_cancel]","rel":"","context":"Liknande inl\u00e4gg","block_context":{"text":"Liknande inl\u00e4gg","link":""},"img":{"alt_text":"","src":"","width":0,"height":0},"classes":[]},{"id":1575,"url":"https:\/\/laislabonitasocial.club\/sv\/membership-account\/membership-orders\/","url_meta":{"origin":310,"position":3},"title":"Membership Orders","author":"Laislabonitasocialclub","date":"12th maj 2025","format":false,"excerpt":"[pmpro_invoice]","rel":"","context":"Liknande inl\u00e4gg","block_context":{"text":"Liknande inl\u00e4gg","link":""},"img":{"alt_text":"","src":"","width":0,"height":0},"classes":[]},{"id":1578,"url":"https:\/\/laislabonitasocial.club\/sv\/membership-account\/your-profile\/","url_meta":{"origin":310,"position":4},"title":"Your Profile","author":"Laislabonitasocialclub","date":"12th maj 2025","format":false,"excerpt":"","rel":"","context":"Liknande inl\u00e4gg","block_context":{"text":"Liknande inl\u00e4gg","link":""},"img":{"alt_text":"","src":"","width":0,"height":0},"classes":[]},{"id":213,"url":"https:\/\/laislabonitasocial.club\/sv\/my-bookings\/","url_meta":{"origin":310,"position":5},"title":"Mina bokningar","author":"Laislabonitasocialclub","date":"19th februari 2025","format":false,"excerpt":"INNEH\u00c5LL","rel":"","context":"Liknande inl\u00e4gg","block_context":{"text":"Liknande inl\u00e4gg","link":""},"img":{"alt_text":"","src":"","width":0,"height":0},"classes":[]}],"jetpack_sharing_enabled":true,"jetpack_likes_enabled":true,"_links":{"self":[{"href":"https:\/\/laislabonitasocial.club\/sv\/wp-json\/wp\/v2\/pages\/310","targetHints":{"allow":["GET"]}}],"collection":[{"href":"https:\/\/laislabonitasocial.club\/sv\/wp-json\/wp\/v2\/pages"}],"about":[{"href":"https:\/\/laislabonitasocial.club\/sv\/wp-json\/wp\/v2\/types\/page"}],"author":[{"embeddable":true,"href":"https:\/\/laislabonitasocial.club\/sv\/wp-json\/wp\/v2\/users\/1"}],"replies":[{"embeddable":true,"href":"https:\/\/laislabonitasocial.club\/sv\/wp-json\/wp\/v2\/comments?post=310"}],"version-history":[{"count":0,"href":"https:\/\/laislabonitasocial.club\/sv\/wp-json\/wp\/v2\/pages\/310\/revisions"}],"wp:attachment":[{"href":"https:\/\/laislabonitasocial.club\/sv\/wp-json\/wp\/v2\/media?parent=310"}],"curies":[{"name":"wp","href":"https:\/\/api.w.org\/{rel}","templated":true}]}}