{"id":614,"date":"2025-02-20T19:36:53","date_gmt":"2025-02-20T18:36:53","guid":{"rendered":"https:\/\/laislabonitasocial.club\/?page_id=614"},"modified":"2025-02-25T16:14:08","modified_gmt":"2025-02-25T15:14:08","slug":"terms-and-conditions","status":"publish","type":"page","link":"https:\/\/laislabonitasocial.club\/sv\/terms-and-conditions\/","title":{"rendered":"Villkor"},"content":{"rendered":"<h3 class=\"wp-block-heading\"><strong>Condiciones Generales de Contrataci\u00f3n \u2013 Servicios de&nbsp;<a><a href=\"https:\/\/laislabonitasocial.club\/sv\/\" rel=\"nofollow\">http:\/\/www.laislabonitasocial.club<\/a><\/a><\/strong><\/h3>\n\n\n\n<p><strong>Information Previa al Proceso Contractual<\/strong><\/p>\n\n\n\n<p>Webbsidan&nbsp;<strong><a><a href=\"https:\/\/laislabonitasocial.club\/sv\/\" rel=\"nofollow\">http:\/\/www.laislabonitasocial.club<\/a><\/a><\/strong>&nbsp;\u00e4r egendom&nbsp;<strong>Anima Solutions AB<\/strong>, ett registrerat f\u00f6retag&nbsp;<strong>Schweiz<\/strong>med socialt hem&nbsp;<strong>Viktoriagatan 22, G\u00f6teborg<\/strong>Detta f\u00f6retag f\u00f6rvaltar&nbsp;<strong>La Isla Bonita Social Group<\/strong>, que proporciona servicios para promover la interacci\u00f3n social, el bienestar y el desarrollo personal de sus miembros a trav\u00e9s de una serie de actividades y eventos sociales.<\/p>\n\n\n\n<p>Las&nbsp;<strong>Condiciones Generales de Contrataci\u00f3n<\/strong>&nbsp;regulan la relaci\u00f3n de venta a distancia entre&nbsp;<strong>Anima Solutions AB<\/strong>&nbsp;(La Isla Bonita Social Group) y el usuario o cliente, de acuerdo con las estipulaciones legales, en especial:<\/p>\n\n\n\n<ul class=\"wp-block-list\">\n<li><strong>Ley 7\/1998, den 13 april<\/strong>, sobre Condiciones Generales de Contrataci\u00f3n.<\/li>\n\n\n\n<li><strong>Ley 3\/2014, den 27 mars<\/strong>, por la que se modifica el texto refundido de la Ley General para la Defensa de los Consumidores y Usuarios.<\/li>\n\n\n\n<li><strong>Ley Organica 3\/2018, den 5 deciembre<\/strong>, de Protecci\u00f3n de Datos Personales y garant\u00eda de los derechos digitales.<\/li>\n\n\n\n<li><strong>Reglamento General de Protecci\u00f3n de Datos (UE) 2016\/679<\/strong>.<\/li>\n\n\n\n<li><strong>Ley 7\/1996, den 15 januari<\/strong>, de Ordenaci\u00f3n del Comercio Minorista.<\/li>\n\n\n\n<li><strong>Ley 34\/2002, den 11 juli<\/strong>, de Servicios de la Sociedad de la Informaci\u00f3n y de Comercio Electr\u00f3nico.<\/li>\n\n\n\n<li><strong>Normativa auton\u00f3mica y local applicable en las Islas Baleares<\/strong>, incluyendo leyes y normativas de protecci\u00f3n al consumidor que son espec\u00edficas para el \u00e1mbito tur\u00edstico y comercial en Mallorca.<\/li>\n<\/ul>\n\n\n\n<p><strong>Modificaciones en las Condiciones Generales:<\/strong><\/p>\n\n\n\n<p><strong>Anima Solutions AB<\/strong>&nbsp;se reserva la facultad de modificar las presentes&nbsp;<strong>Condiciones Generales de Contrataci\u00f3n<\/strong>&nbsp;sin aviso f\u00f6reg\u00e5ende. Las modificaciones ser\u00e1n publicadas p\u00e5 webben&nbsp;<strong><a><a href=\"https:\/\/laislabonitasocial.club\/sv\/\" rel=\"nofollow\">http:\/\/www.laislabonitasocial.club<\/a><\/a><\/strong>&nbsp;y ser\u00e1n de obligado cumplimiento una vez se encuentren accesibles en el sitio.<\/p>\n\n\n\n<p><strong>Webbsidans objekt:<\/strong><\/p>\n\n\n\n<p>Webbslutet&nbsp;<strong><a><a href=\"https:\/\/laislabonitasocial.club\/sv\/\" rel=\"nofollow\">http:\/\/www.laislabonitasocial.club<\/a><\/a><\/strong>&nbsp;es proporcionar informaci\u00f3n y servicios relacionados con actividades sociales, eventos y programas de desarrollo personal organizados por&nbsp;<strong>La Isla Bonita Social Group<\/strong>&nbsp;sv&nbsp;<strong>Mallorca<\/strong>. A trav\u00e9s de la plataforma, los usuarios pueden erh\u00e5ller information sobre eventos y actividades, hacer reservas y realizar pagos para participar.<\/p>\n\n\n\n<p><strong>Kontraktets varaktighet:<\/strong><\/p>\n\n\n\n<p>La duraci\u00f3n del contrato se vincula a la ejecuci\u00f3n del servicio o evento contratado, el cual concluir\u00e1 al finalizar el evento o actividad solicitada.<\/p>\n\n\n\n<p><strong>Tillg\u00e5ng och juridisk kapacitet:<\/strong><\/p>\n\n\n\n<p>El usuario, al acceder a la web, declara ser mayor de edad o menor emancipado, tener capacidad jur\u00eddica suficiente y aceptar las condiciones legales del sitio. Los menores de edad deben contar con el consentimiento expreso de sus padres o tutores legales para utilizar los servicios de la p\u00e1gina web.<\/p>\n\n\n\n<hr class=\"wp-block-separator has-alpha-channel-opacity\"\/>\n\n\n\n<h3 class=\"wp-block-heading\"><strong>Protecci\u00f3n de Datos Personales<\/strong><\/h3>\n\n\n\n<p><strong>Cumplimiento con la Ley de Protecci\u00f3n de Datos Personales (LOPD och RGPD):<\/strong><\/p>\n\n\n\n<p>De conformidad con la normativa vigente en materia de protecci\u00f3n de data,&nbsp;<strong>Anima Solutions AB<\/strong>&nbsp;informa que los data personals proporcionados durante el processo de registro y compra ser\u00e1n incorporados a un system de tratamiento de data, con la finalidad de gestionar y tramitar la contrataci\u00f3n de servicios, as\u00ed como para realizar actividades comerciales relacion servicios con.<\/p>\n\n\n\n<p><strong>Anv\u00e4ndarens v\u00e4gnar:<\/strong><\/p>\n\n\n\n<p>El usuario puede ejercer sus derechos de acceso, rectificaci\u00f3n, cancelaci\u00f3n, oposici\u00f3n, limitaci\u00f3n del tratamiento, portabilidad, y revocaci\u00f3n del consentimiento de sus datas personals enviando una solicitud a la direcci\u00f3n postal indicada o al correcoo:\u00a0<strong><a>info@laislabonita.club<\/a><\/strong>.<\/p>\n\n\n\n<hr class=\"wp-block-separator has-alpha-channel-opacity\"\/>\n\n\n\n<h3 class=\"wp-block-heading\"><strong>Reserva- och pagovillkor<\/strong><\/h3>\n\n\n\n<p><strong>Reservprocess:<\/strong><\/p>\n\n\n\n<p>Du kan g\u00f6ra en bokning och resa till systemet online tillg\u00e4ngligt p\u00e5 webben&nbsp;<strong><a><a href=\"https:\/\/laislabonitasocial.club\/sv\/\" rel=\"nofollow\">http:\/\/www.laislabonitasocial.club<\/a><\/a><\/strong>. Durante el processo de reserva, se confirmar\u00e1 la disponibilidad de los servicios solicitados y el precio applicable.<\/p>\n\n\n\n<p><strong>Priser och erbjudande:<\/strong><\/p>\n\n\n\n<p>Todos los servicios y eventos est\u00e1n detallados en la p\u00e1gina web, con los precios expresados en&nbsp;<strong>euro (\u20ac)<\/strong>&nbsp;e incluyendo los impuestos applicables, como el&nbsp;<strong>IVA<\/strong>&nbsp;(21%) o el&nbsp;<strong>IGIC<\/strong>&nbsp;(7% en las Islas Baleares). En caso de promociones, los precios estar\u00e1n claramente especificados, junto con la validez de la oferta.<\/p>\n\n\n\n<p><strong>Betalingsformul\u00e4r:<\/strong><\/p>\n\n\n\n<p>Los metoder f\u00f6r pagoaccepterade inkluderar:<\/p>\n\n\n\n<ul class=\"wp-block-list\">\n<li>Tarjeta de cr\u00e9dito (Visa, MasterCard).<\/li>\n\n\n\n<li>PayPal.<\/li>\n<\/ul>\n\n\n\n<p><strong>S\u00e4ker betalningsprocess:<\/strong><\/p>\n\n\n\n<p>Para garantizar la seguridad en las transacciones, todas las operaciones que implican el uso de data personals o bancarios se realizan a trav\u00e9s de una conexi\u00f3n segura con&nbsp;<strong>SSL (Secure Sockets Layer)<\/strong>. Los datos sobre la tarjeta de cr\u00e9dito son gestionados directamente por las plataformas de pago como el TPV del banco o PayPal, sin ser almacenados en los servidores de&nbsp;<strong>Anima Solutions AB<\/strong>.<\/p>\n\n\n\n<hr class=\"wp-block-separator has-alpha-channel-opacity\"\/>\n\n\n\n<h3 class=\"wp-block-heading\"><strong>Avbokning och avst\u00e4ngning<\/strong><\/h3>\n\n\n\n<p><strong>Desistimiento-r\u00e4tt:<\/strong><\/p>\n\n\n\n<p>De acuerdo con la legislaci\u00f3n espa\u00f1ola, los clientes pueden ejercer su derecho de desistimiento en un plazo de&nbsp;<strong>14 naturliga dagar<\/strong>&nbsp;desde la celebraci\u00f3n del contrato, sin penalizaci\u00f3n alguna. En el caso de que el servicio o evento contratado sea claramente personalizado o ingen pueda ser devuelto, este derecho no ser\u00e1 applicable.<\/p>\n\n\n\n<p><strong>Avbokningspolicy:<\/strong><\/p>\n\n\n\n<p>Si el cliente desea cancelar un servicio o evento, deber\u00e1 hacerlo con un minimo de&nbsp;<strong>24 timmars f\u00f6rv\u00e4ntning<\/strong>. En caso contrario, el cliente ser\u00e1 ansvariga de los costes generados por la cancelaci\u00f3n tard\u00eda, los cuales se cargar\u00e1n a su tarjeta de cr\u00e9dito proporcionada.<\/p>\n\n\n\n<hr class=\"wp-block-separator has-alpha-channel-opacity\"\/>\n\n\n\n<h3 class=\"wp-block-heading\"><strong>Garantier och ansvar<\/strong><\/h3>\n\n\n\n<p><strong>Garanti f\u00f6r tj\u00e4nsterna:<\/strong><\/p>\n\n\n\n<p>Todos los servicios y eventos ofrecidos en la web cuentan con la garant\u00eda correspondiente seg\u00fan el tipo de servicio contratado. En caso de que el servicio no se preste conforme a lo acordado, el cliente podr\u00e1 presentar una reclamaci\u00f3n a trav\u00e9s de los medios establecidos en el apartado de&nbsp;<strong>Uppm\u00e4rksamhet hos klienten<\/strong>.<\/p>\n\n\n\n<hr class=\"wp-block-separator has-alpha-channel-opacity\"\/>\n\n\n\n<h3 class=\"wp-block-heading\"><strong>Atenci\u00f3n al Cliente y Reclamaciones<\/strong><\/h3>\n\n\n\n<p><strong>Kundens uppm\u00e4rksamhet:<\/strong><\/p>\n\n\n\n<p>En caso de que el cliente necesite asistencia o desee presentar una reclamaci\u00f3n, podr\u00e1 contactar con\u00a0<strong>Anima Solutions AB<\/strong>en trav\u00e9s del correo electr\u00f3nico\u00a0<strong><a>info@laislabonita.club<\/a><\/strong><\/p>","protected":false},"excerpt":{"rendered":"<p>Condiciones Generales de Contrataci\u00f3n \u2013 Servicios de&nbsp;<a href=\"http:\/\/www.laislabonitasocial.club\" rel=\"nofollow\">http:\/\/www.laislabonitasocial.club<\/a> Informaci\u00f3n Previa al Proceso Contractual La p\u00e1gina web&nbsp;<a href=\"http:\/\/www.laislabonitasocial.club&nbsp;es\" rel=\"nofollow\">http:\/\/www.laislabonitasocial.club&nbsp;es<\/a> propiedad de&nbsp;Anima Solutions AB, una empresa registrada en&nbsp;Sueciacon domicilio social en&nbsp;Viktoriagatan 22, Gothenburg. Esta empresa gestiona&nbsp;La Isla Bonita Social Group, que proporciona servicios para promover la interacci\u00f3n social, el bienestar y el desarrollo personal de sus miembros a trav\u00e9s de [&hellip;]<\/p>\n","protected":false},"author":262050677,"featured_media":0,"parent":0,"menu_order":0,"comment_status":"closed","ping_status":"closed","template":"","meta":{"content-type":"","pmpro_default_level":"","footnotes":""},"class_list":["post-614","page","type-page","status-publish","hentry","pmpro-has-access"],"jetpack_shortlink":"https:\/\/wp.me\/PglZ8M-9U","jetpack-related-posts":[{"id":2097,"url":"https:\/\/laislabonitasocial.club\/sv\/terms-and-conditions-2\/","url_meta":{"origin":614,"position":0},"title":"Villkor","author":"Laislabonitasocialclub","date":"17th juni 2025","format":false,"excerpt":"La Isla Bonita Social Club Affiliate Program Terms of Service Agreement By signing up to be an Affiliate in the La Isla Bonita Social Club Affiliate Program (\"Program\") you are agreeing to be bound by the following terms and conditions (\"Terms of Service\"). La Isla Bonita Social Club reserves the\u2026","rel":"","context":"Liknande inl\u00e4gg","block_context":{"text":"Liknande inl\u00e4gg","link":""},"img":{"alt_text":"","src":"","width":0,"height":0},"classes":[]},{"id":2562,"url":"https:\/\/laislabonitasocial.club\/sv\/mallorca-settling-in-concierge-services\/","url_meta":{"origin":614,"position":1},"title":"Mallorca bos\u00e4tter sig i concierge-tj\u00e4nster","author":"Laislabonitasocialclub","date":"8th augusti 2025","format":false,"excerpt":"DISCOVER YOUR NEW LIFE IN MALLORCA - CONTACT US TODAY \u00a0 \u00a0The Mediterranean Paradise Awaits You \u00a0 Making the leap to realize your dreams is one of life\u2019s most rewarding journeys. At La isla bonita social club, we\u2019re here to guide you toward a new chapter on this enchanting Mediterranean\u2026","rel":"","context":"Liknande inl\u00e4gg","block_context":{"text":"Liknande inl\u00e4gg","link":""},"img":{"alt_text":"","src":"https:\/\/i0.wp.com\/laislabonitasocial.club\/wp-content\/uploads\/2025\/08\/img_0740.jpg?fit=1200%2C900&ssl=1&resize=350%2C200","width":350,"height":200,"srcset":"https:\/\/i0.wp.com\/laislabonitasocial.club\/wp-content\/uploads\/2025\/08\/img_0740.jpg?fit=1200%2C900&ssl=1&resize=350%2C200 1x, https:\/\/i0.wp.com\/laislabonitasocial.club\/wp-content\/uploads\/2025\/08\/img_0740.jpg?fit=1200%2C900&ssl=1&resize=525%2C300 1.5x, https:\/\/i0.wp.com\/laislabonitasocial.club\/wp-content\/uploads\/2025\/08\/img_0740.jpg?fit=1200%2C900&ssl=1&resize=700%2C400 2x, https:\/\/i0.wp.com\/laislabonitasocial.club\/wp-content\/uploads\/2025\/08\/img_0740.jpg?fit=1200%2C900&ssl=1&resize=1050%2C600 3x"},"classes":[]},{"id":611,"url":"https:\/\/laislabonitasocial.club\/sv\/privacy-policy\/","url_meta":{"origin":614,"position":2},"title":"Integritetspolicy","author":"Laislabonitasocialclub","date":"20th februari 2025","format":false,"excerpt":"Privacy Policy for La Isla Bonita Social Club Last Updated: 25 February 2025 At La Isla Bonita Social Club, we value your privacy and are committed to protecting the personal information you share with us. This Privacy Policy outlines how we collect, use, store, and protect your personal information when\u2026","rel":"","context":"Liknande inl\u00e4gg","block_context":{"text":"Liknande inl\u00e4gg","link":""},"img":{"alt_text":"","src":"","width":0,"height":0},"classes":[]},{"id":424,"url":"https:\/\/laislabonitasocial.club\/sv\/events-list-style-with-search-box\/","url_meta":{"origin":614,"position":3},"title":"H\u00e4ndelser","author":"","date":"20th februari 2025","format":false,"excerpt":"Past Events 25 Jan \ud83c\udf3f January Secret Supper at La Palet Greek Restaurant \u2013 January 25th \ud83c\udf3f Price: \u20ac45.00 Book Now 21 Feb \ud83c\udf55 February Secret Supper at La Isla Bonita Social Club \u2013 February 21st \ud83c\udf55 Price: \u20ac45.00 Book Now 06 Dec La Isla Bonita Christmas Party 2024 Price\u2026","rel":"","context":"Liknande inl\u00e4gg","block_context":{"text":"Liknande inl\u00e4gg","link":""},"img":{"alt_text":"","src":"","width":0,"height":0},"classes":[]},{"id":1,"url":"https:\/\/laislabonitasocial.club\/sv\/about\/","url_meta":{"origin":614,"position":4},"title":"Om","author":"Laislabonitasocialclub","date":"13th februari 2025","format":false,"excerpt":"About Us Discover Mallorca through the eyes of our international community - from hidden culinary gems and boutique wineries to insider recommendations and unique island experiences, curated especially for discerning members who love great food, wine, and meaningful connections. - For Editorial Page How we were born Born from a\u2026","rel":"","context":"Liknande inl\u00e4gg","block_context":{"text":"Liknande inl\u00e4gg","link":""},"img":{"alt_text":"","src":"https:\/\/i0.wp.com\/laislabonitasocial.club\/wp-content\/uploads\/2025\/02\/IMG_5520.jpeg?resize=350%2C200&ssl=1","width":350,"height":200,"srcset":"https:\/\/i0.wp.com\/laislabonitasocial.club\/wp-content\/uploads\/2025\/02\/IMG_5520.jpeg?resize=350%2C200&ssl=1 1x, https:\/\/i0.wp.com\/laislabonitasocial.club\/wp-content\/uploads\/2025\/02\/IMG_5520.jpeg?resize=525%2C300&ssl=1 1.5x"},"classes":[]},{"id":1099,"url":"https:\/\/laislabonitasocial.club\/sv\/newmembersurvey\/","url_meta":{"origin":614,"position":5},"title":"G\u00e5 med oss","author":"Laislabonitasocialclub","date":"10th mars 2025","format":false,"excerpt":"Redo att g\u00e5 med i v\u00e5r livliga internationella gemenskap? Fyll i den korta unders\u00f6kningen nedan s\u00e5 v\u00e4lkomnar vi dig personligen till La Isla Bonita Social Club. Upplev den perfekta blandningen av utvalda upplevelser och inkluderande sammankomster \u00f6ver hela Mallorca!","rel":"","context":"Liknande inl\u00e4gg","block_context":{"text":"Liknande inl\u00e4gg","link":""},"img":{"alt_text":"","src":"","width":0,"height":0},"classes":[]}],"jetpack_sharing_enabled":true,"jetpack_likes_enabled":true,"_links":{"self":[{"href":"https:\/\/laislabonitasocial.club\/sv\/wp-json\/wp\/v2\/pages\/614","targetHints":{"allow":["GET"]}}],"collection":[{"href":"https:\/\/laislabonitasocial.club\/sv\/wp-json\/wp\/v2\/pages"}],"about":[{"href":"https:\/\/laislabonitasocial.club\/sv\/wp-json\/wp\/v2\/types\/page"}],"author":[{"embeddable":true,"href":"https:\/\/laislabonitasocial.club\/sv\/wp-json\/wp\/v2\/users\/262050677"}],"replies":[{"embeddable":true,"href":"https:\/\/laislabonitasocial.club\/sv\/wp-json\/wp\/v2\/comments?post=614"}],"version-history":[{"count":2,"href":"https:\/\/laislabonitasocial.club\/sv\/wp-json\/wp\/v2\/pages\/614\/revisions"}],"predecessor-version":[{"id":904,"href":"https:\/\/laislabonitasocial.club\/sv\/wp-json\/wp\/v2\/pages\/614\/revisions\/904"}],"wp:attachment":[{"href":"https:\/\/laislabonitasocial.club\/sv\/wp-json\/wp\/v2\/media?parent=614"}],"curies":[{"name":"wp","href":"https:\/\/api.w.org\/{rel}","templated":true}]}}